{"id":1938,"date":"2021-12-14T09:22:53","date_gmt":"2021-12-14T06:22:53","guid":{"rendered":"http:\/\/www.soyak.com.tr\/anasayfa\/"},"modified":"2022-12-30T18:24:49","modified_gmt":"2022-12-30T15:24:49","slug":"home","status":"publish","type":"page","link":"https:\/\/www.soyak.com.tr\/en\/","title":{"rendered":"Soyak Construction"},"content":{"rendered":"<div class=\"wpb-content-wrapper\"><p>[vc_row css=&#8221;.vc_custom_1639480015490{padding-top: 30px !important;}&#8221;][vc_column][vc_column_text css=&#8221;.vc_custom_1641810613089{margin-bottom: 10px !important;}&#8221; el_class=&#8221;ortala&#8221;]<\/p>\n<h2 class=\"anabasliklar\">PROJECTS<\/h2>\n<p>[\/vc_column_text][vc_row_inner css=&#8221;.vc_custom_1639486135864{margin-bottom: 10px !important;}&#8221;][vc_column_inner width=&#8221;1\/3&#8243;]<div class=\"cq-ribbon-container \" style=\"max-width:;\" data-ribbonwidth=\"\" data-ribbontop=\"16px\" data-ribbonleft=\"10px\"  data-ribboncolor=\"\" data-containerbg=\"\" data-textcolor=\"\" data-textmargintop=\"\"><div style=\"background:;color:;\nbackground:;color:;top:;bottom:\" class=\"cq-ribbon4\"><div class=\"arrow\" style=\"border-color:transparent \"><\/div><\/div><div class=\"cq-ribbon-content\"><a href=\"http:\/\/www.soyak.com.tr\/en\/soyak-soho\/\" title=\"\" target=\"\"><img decoding=\"async\" src=\"https:\/\/www.soyak.com.tr\/wp-content\/uploads\/2021\/12\/soyak-soho-anasayfa.jpg\" alt=\"\" \/><\/a><p class=\"cq-ribbon-text\">SOYAK SOHO<\/p><\/div><\/div>[\/vc_column_inner][vc_column_inner width=&#8221;1\/3&#8243;]<div class=\"cq-ribbon-container \" style=\"max-width:;\" data-ribbonwidth=\"\" data-ribbontop=\"16px\" data-ribbonleft=\"10px\"  data-ribboncolor=\"\" data-containerbg=\"\" data-textcolor=\"\" data-textmargintop=\"\"><div style=\"background:;color:;\nbackground:;color:;top:10px;bottom:auto\" class=\"cq-ribbon4\"><div class=\"arrow\" style=\"border-color:transparent \"><\/div><\/div><div class=\"cq-ribbon-content\"><a href=\"http:\/\/www.soyak.com.tr\/en\/soyak-konforia\/\" title=\"\" target=\"\"><img decoding=\"async\" src=\"https:\/\/www.soyak.com.tr\/wp-content\/uploads\/2021\/12\/konforia-anasayfa.jpg\" alt=\"\" \/><\/a><p class=\"cq-ribbon-text\">SOYAK KONFORIA<\/p><\/div><\/div>[\/vc_column_inner][vc_column_inner width=&#8221;1\/3&#8243;]<div class=\"cq-ribbon-container \" style=\"max-width:;\" data-ribbonwidth=\"\" data-ribbontop=\"16px\" data-ribbonleft=\"10px\"  data-ribboncolor=\"\" data-containerbg=\"\" data-textcolor=\"\" data-textmargintop=\"\"><div style=\"background:;color:;\nbackground:;color:;top:10px;bottom:auto\" class=\"cq-ribbon4\"><div class=\"arrow\" style=\"border-color:transparent \"><\/div><\/div><div class=\"cq-ribbon-content\"><a href=\"http:\/\/www.soyak.com.tr\/en\/soyak-siesta\/\" title=\"\" target=\"\"><img decoding=\"async\" src=\"https:\/\/www.soyak.com.tr\/wp-content\/uploads\/2021\/12\/soyak-siesta-anasayfa.jpg\" alt=\"\" \/><\/a><p class=\"cq-ribbon-text\">SOYAK SIESTA<\/p><\/div><\/div>[\/vc_column_inner][\/vc_row_inner][vc_row_inner css=&#8221;.vc_custom_1639486141040{margin-bottom: 10px !important;}&#8221;][vc_column_inner width=&#8221;1\/3&#8243;]<div class=\"cq-ribbon-container \" style=\"max-width:;\" data-ribbonwidth=\"\" data-ribbontop=\"16px\" data-ribbonleft=\"10px\"  data-ribboncolor=\"\" data-containerbg=\"\" data-textcolor=\"\" data-textmargintop=\"\"><div style=\"background:;color:;\nbackground:;color:;top:10px;bottom:auto\" class=\"cq-ribbon4\"><div class=\"arrow\" style=\"border-color:transparent \"><\/div><\/div><div class=\"cq-ribbon-content\"><a href=\"http:\/\/www.soyak.com.tr\/en\/soyak-evostar\/\" title=\"\" target=\"\"><img decoding=\"async\" src=\"https:\/\/www.soyak.com.tr\/wp-content\/uploads\/2021\/12\/soyak-evostar-anasayfa.jpg\" alt=\"\" \/><\/a><p class=\"cq-ribbon-text\">SOYAK EVOSTAR<\/p><\/div><\/div>[\/vc_column_inner][vc_column_inner width=&#8221;1\/3&#8243;]<div class=\"cq-ribbon-container \" style=\"max-width:;\" data-ribbonwidth=\"\" data-ribbontop=\"16px\" data-ribbonleft=\"10px\"  data-ribboncolor=\"\" data-containerbg=\"\" data-textcolor=\"\" data-textmargintop=\"\"><div style=\"background:;color:;\nbackground:;color:;top:10px;bottom:auto\" class=\"cq-ribbon4\"><div class=\"arrow\" style=\"border-color:transparent \"><\/div><\/div><div class=\"cq-ribbon-content\"><a href=\"http:\/\/www.soyak.com.tr\/en\/soyak-park-aparts\/\" title=\"\" target=\"\"><img decoding=\"async\" src=\"https:\/\/www.soyak.com.tr\/wp-content\/uploads\/2021\/12\/soyak-park-aparts-anasayfa.jpg\" alt=\"\" \/><\/a><p class=\"cq-ribbon-text\">SOYAK PARK APARTS<\/p><\/div><\/div>[\/vc_column_inner][vc_column_inner width=&#8221;1\/3&#8243;]<div class=\"cq-ribbon-container \" style=\"max-width:;\" data-ribbonwidth=\"\" data-ribbontop=\"16px\" data-ribbonleft=\"10px\"  data-ribboncolor=\"\" data-containerbg=\"\" data-textcolor=\"\" data-textmargintop=\"\"><div style=\"background:;color:;\nbackground:;color:;top:10px;bottom:auto\" class=\"cq-ribbon4\"><div class=\"arrow\" style=\"border-color:transparent \"><\/div><\/div><div class=\"cq-ribbon-content\"><a href=\"http:\/\/www.soyak.com.tr\/en\/soyak-mavisehir-optimus\/\" title=\"\" target=\"\"><img decoding=\"async\" src=\"https:\/\/www.soyak.com.tr\/wp-content\/uploads\/2021\/12\/soyak-mavisehir-optimus-anasayfa.jpg\" alt=\"\" \/><\/a><p class=\"cq-ribbon-text\">SOYAK MAV\u0130\u015eEH\u0130R OPT\u0130MUS<\/p><\/div><\/div>[\/vc_column_inner][\/vc_row_inner][vc_row_inner css=&#8221;.vc_custom_1639486150375{margin-bottom: 10px !important;}&#8221;][vc_column_inner width=&#8221;1\/3&#8243;]<div class=\"cq-ribbon-container \" style=\"max-width:;\" data-ribbonwidth=\"\" data-ribbontop=\"16px\" data-ribbonleft=\"10px\"  data-ribboncolor=\"\" data-containerbg=\"\" data-textcolor=\"\" data-textmargintop=\"\"><div style=\"background:;color:;\nbackground:;color:;top:10px;bottom:auto\" class=\"cq-ribbon4\"><div class=\"arrow\" style=\"border-color:transparent \"><\/div><\/div><div class=\"cq-ribbon-content\"><a href=\"http:\/\/www.soyak.com.tr\/en\/soyak-mavisehir\/\" title=\"\" target=\"\"><img decoding=\"async\" src=\"https:\/\/www.soyak.com.tr\/wp-content\/uploads\/2021\/12\/soyak-mavisehir-karsiyaka-kapak.jpg\" alt=\"\" \/><\/a><p class=\"cq-ribbon-text\">SOYAK MAV\u0130\u015eEH\u0130R<\/p><\/div><\/div>[\/vc_column_inner][vc_column_inner width=&#8221;1\/3&#8243;]<div class=\"cq-ribbon-container \" style=\"max-width:;\" data-ribbonwidth=\"\" data-ribbontop=\"16px\" data-ribbonleft=\"10px\"  data-ribboncolor=\"\" data-containerbg=\"\" data-textcolor=\"\" data-textmargintop=\"\"><div style=\"background:;color:;\nbackground:;color:;top:10px;bottom:auto\" class=\"cq-ribbon4\"><div class=\"arrow\" style=\"border-color:transparent \"><\/div><\/div><div class=\"cq-ribbon-content\"><a href=\"http:\/\/www.soyak.com.tr\/en\/soyak-evreka-residance\/\" title=\"\" target=\"\"><img decoding=\"async\" src=\"https:\/\/www.soyak.com.tr\/wp-content\/uploads\/2021\/12\/soyak-evreka-rezidans-anasayfa.jpg\" alt=\"\" \/><\/a><p class=\"cq-ribbon-text\">SOYAK EVREKA REZ\u0130DANS<\/p><\/div><\/div>[\/vc_column_inner][vc_column_inner width=&#8221;1\/3&#8243;]<div class=\"cq-ribbon-container \" style=\"max-width:;\" data-ribbonwidth=\"\" data-ribbontop=\"16px\" data-ribbonleft=\"10px\"  data-ribboncolor=\"\" data-containerbg=\"\" data-textcolor=\"\" data-textmargintop=\"\"><div style=\"background:;color:;\nbackground:;color:;top:10px;bottom:auto\" class=\"cq-ribbon4\"><div class=\"arrow\" style=\"border-color:transparent \"><\/div><\/div><div class=\"cq-ribbon-content\"><a href=\"http:\/\/www.soyak.com.tr\/en\/soyak-evreka\/\" title=\"\" target=\"\"><img decoding=\"async\" src=\"https:\/\/www.soyak.com.tr\/wp-content\/uploads\/2021\/12\/soyak-evreka-anasayfa.jpg\" alt=\"\" \/><\/a><p class=\"cq-ribbon-text\">SOYAK EVREKA<\/p><\/div><\/div>[\/vc_column_inner][\/vc_row_inner][vc_row_inner][vc_column_inner width=&#8221;1\/3&#8243;]<div class=\"cq-ribbon-container \" style=\"max-width:;\" data-ribbonwidth=\"\" data-ribbontop=\"16px\" data-ribbonleft=\"10px\"  data-ribboncolor=\"\" data-containerbg=\"\" data-textcolor=\"\" data-textmargintop=\"\"><div style=\"background:;color:;\nbackground:;color:;top:10px;bottom:auto\" class=\"cq-ribbon4\"><div class=\"arrow\" style=\"border-color:transparent \"><\/div><\/div><div class=\"cq-ribbon-content\"><a href=\"http:\/\/www.soyak.com.tr\/en\/soyak-olympiakent\/\" title=\"\" target=\"\"><img decoding=\"async\" src=\"https:\/\/www.soyak.com.tr\/wp-content\/uploads\/2021\/12\/soyak-olympiakent-anasayfa.jpg\" alt=\"\" \/><\/a><p class=\"cq-ribbon-text\">SOYAK OLYMPIAKENT<\/p><\/div><\/div>[\/vc_column_inner][vc_column_inner width=&#8221;1\/3&#8243;]<div class=\"cq-ribbon-container \" style=\"max-width:;\" data-ribbonwidth=\"\" data-ribbontop=\"16px\" data-ribbonleft=\"10px\"  data-ribboncolor=\"\" data-containerbg=\"\" data-textcolor=\"\" data-textmargintop=\"\"><div style=\"background:;color:;\nbackground:;color:;top:10px;bottom:auto\" class=\"cq-ribbon4\"><div class=\"arrow\" style=\"border-color:transparent \"><\/div><\/div><div class=\"cq-ribbon-content\"><a href=\"http:\/\/www.soyak.com.tr\/en\/soyak-yenisehir\/\" title=\"\" target=\"\"><img decoding=\"async\" src=\"https:\/\/www.soyak.com.tr\/wp-content\/uploads\/2021\/12\/soyak-yenisehir-anasayfa.jpg\" alt=\"\" \/><\/a><p class=\"cq-ribbon-text\">SOYAK YEN\u0130\u015eEH\u0130R<\/p><\/div><\/div>[\/vc_column_inner][vc_column_inner width=&#8221;1\/3&#8243;]<div class=\"cq-ribbon-container \" style=\"max-width:;\" data-ribbonwidth=\"\" data-ribbontop=\"16px\" data-ribbonleft=\"10px\"  data-ribboncolor=\"\" data-containerbg=\"\" data-textcolor=\"\" data-textmargintop=\"\"><div style=\"background:;color:;\nbackground:;color:;top:10px;bottom:auto\" class=\"cq-ribbon4\"><div class=\"arrow\" style=\"border-color:transparent \"><\/div><\/div><div class=\"cq-ribbon-content\"><a href=\"http:\/\/www.soyak.com.tr\/en\/soyak-goztepe\/\" title=\"\" target=\"\"><img decoding=\"async\" src=\"https:\/\/www.soyak.com.tr\/wp-content\/uploads\/2021\/12\/soyak-goztepe-anasayfa.jpg\" alt=\"\" \/><\/a><p class=\"cq-ribbon-text\">SOYAK G\u00d6ZTEPE<\/p><\/div><\/div>[\/vc_column_inner][\/vc_row_inner][vc_row_inner][vc_column_inner width=&#8221;1\/3&#8243;]<div class=\"cq-ribbon-container \" style=\"max-width:;\" data-ribbonwidth=\"\" data-ribbontop=\"16px\" data-ribbonleft=\"10px\"  data-ribboncolor=\"\" data-containerbg=\"\" data-textcolor=\"\" data-textmargintop=\"\"><div style=\"background:;color:;\nbackground:;color:;top:10px;bottom:auto\" class=\"cq-ribbon4\"><div class=\"arrow\" style=\"border-color:transparent \"><\/div><\/div><div class=\"cq-ribbon-content\"><a href=\"http:\/\/www.soyak.com.tr\/en\/soyak-kandilli-ayisigi-evleri\/\" title=\"\" target=\"\"><img decoding=\"async\" src=\"https:\/\/www.soyak.com.tr\/wp-content\/uploads\/2021\/12\/soyak-kandilli-ayisigi-evleri-anasayfa.jpg\" alt=\"\" \/><\/a><p class=\"cq-ribbon-text\">SOYAK KAND\u0130LL\u0130 AYI\u015eI\u011eI EVLER\u0130<\/p><\/div><\/div>[\/vc_column_inner][vc_column_inner width=&#8221;1\/3&#8243;][\/vc_column_inner][vc_column_inner width=&#8221;1\/3&#8243;][\/vc_column_inner][\/vc_row_inner][\/vc_column][\/vc_row][vc_row full_width=&#8221;stretch_row&#8221; css=&#8221;.vc_custom_1639560433771{padding-top: 50px !important;padding-bottom: 50px !important;background-image: url(http:\/\/www.soyak.com.tr\/wp-content\/uploads\/2021\/12\/anasayfa-iletisim-back.jpg?id=111) !important;background-position: 0 0 !important;background-repeat: no-repeat !important;}&#8221; el_class=&#8221;dark&#8221;][vc_column][vc_row_inner el_class=&#8221;anasayfailetisim&#8221;][vc_column_inner width=&#8221;1\/2&#8243; offset=&#8221;vc_hidden-sm vc_hidden-xs&#8221;][vc_raw_html]JTNDZGl2JTIwY2xhc3MlM0QlMjJ0ZXN0aW1vbmlhbHNfc2xpZGVyJTIwc2luZ2xlLXBob3RvJTIyJTNFJTBBJTNDdWwlMjBjbGFzcyUzRCUyMnRlc3RpbW9uaWFsc19zbGlkZXJfdWwlMjIlM0UlMEElM0NsaSUzRSUwQSUzQ2RpdiUzRSUwQSUzQ2ltZyUyMGNsYXNzJTNEJTIyYWxpZ25jZW50ZXIlMjBzaXplLWZ1bGwlMjB3cC1pbWFnZS0xMTclMjIlMjBzcmMlM0QlMjJodHRwJTNBJTJGJTJGd3d3LnNveWFrLmNvbS50ciUyRndwLWNvbnRlbnQlMkZ1cGxvYWRzJTJGMjAyMiUyRjAxJTJGc295YWstbG9nby1hbHQtZW4ucG5nJTIyJTIwYWx0JTNEJTIyJTIyJTIwd2lkdGglM0QlMjI0MDAlMjIlMjBoZWlnaHQlM0QlMjIxOTAlMjIlMjAlMkYlM0UlMEElM0MlMkZkaXYlM0UlMEElM0NkaXYlMjBjbGFzcyUzRCUyMmF1dGhvciUyMiUzRSUwQSUzQ2g0JTNFQXMlMjB0aGUlMjBwaW9uZWVyJTIwb2YlMjB0aGUlMjBmaXJzdHMlMjBhbmQlMjBpbm5vdmF0aW9ucyUyMGluJTIwdGhlJTIwVHVya2lzaCUyMHJlYWwlMjBlc3RhdGUlMjBzZWN0b3IlMkMlMjBTb3lhayUyMGhhcyUyMGhvc3RlZCUyMG1vcmUlMjB0aGFuJTIwNTAlMkMwMDAlMjBmYW1pbGllcyUyMGluJTIwNjElMjB5ZWFycy4lM0MlMkZoNCUzRSUwQSUzQyUyRmRpdiUzRSUwQSUzQ2RpdiUyMGNsYXNzJTNEJTIyYnFfd3JhcHBlciUyMiUzRSUwQVNPWUFLJTJDJTIwZGV2ZWxvcGluZyUyMG5vdCUyMG9ubHklMjB0aGUlMjBwcm9qZWN0cyUyMGJ1dCUyMGFsc28lMjB0aGUlMjB3aG9sZSUyMHJlZ2lvbiUzQiUyMGNvbnRpbnVlcyUyMHRvJTIwcHJvZHVjZSUyMHRoZSUyMCUyMlByb2plY3RzJTIwb2YlMjB0aGUlMjBGdXR1cmUlMjIuJTBBJTNDJTJGZGl2JTNFJTBBJTNDJTJGbGklM0UlMEElMEElM0MlMkZ1bCUzRSUwQSUwQSUwQSUzQyUyRmRpdiUzRQ==[\/vc_raw_html][\/vc_column_inner][vc_column_inner width=&#8221;1\/2&#8243;]<div class=\"get_in_touch\" ><h3 class=\"title\">CONTACT DETAILS<\/h3><div class=\"get_in_touch_wrapper\"><ul><li class=\"address\"><span class=\"icon\"><i class=\"icon-location\" aria-label=\"address\"><\/i><\/span><span class=\"address_wrapper\">B\u00fcy\u00fckdere Cad. No:38 Mecidiyek\u00f6y \/ \u0130stanbul<\/span><\/li><li class=\"phone phone-1\"><span class=\"icon\"><i class=\"icon-phone\" aria-label=\"phone\"><\/i><\/span><p><a href=\"tel:4440795\">444 0 795<\/a><\/p><\/li><li class=\"mail\"><span class=\"icon\"><i class=\"icon-mail\" aria-label=\"mail\"><\/i><\/span><p><a href=\"mailto:info@soyak.com.tr\">info@soyak.com.tr<\/a><\/p><\/li><\/ul><\/div><\/div>\n[vc_raw_html]JTNDaWZyYW1lJTIwc3R5bGUlM0QlMjJib3JkZXIlM0ElMjAwcHglMjBjdXJyZW50Q29sb3IlM0IlMjIlMjBzcmMlM0QlMjJodHRwcyUzQSUyRiUyRnd3dy5nb29nbGUuY29tJTJGbWFwcyUyRmVtYmVkJTNGcGIlM0QlMjExbTE4JTIxMW0xMiUyMTFtMyUyMTFkMTkyNjA5LjU1ODEzMTY2MiUyMTJkMjguNzk5Njg4ODgyMzY3NzU0JTIxM2Q0MS4wMzU2NjExOTMxNTA5OCUyMTJtMyUyMTFmMCUyMTJmMCUyMTNmMCUyMTNtMiUyMTFpMTAyNCUyMTJpNzY4JTIxNGYxMy4xJTIxM20zJTIxMW0yJTIxMXMweDE0Y2FiNmZlMTZjYzc2YWIlMjUzQTB4ODA4OTgyNDQ5MGY0ODBhNSUyMTJzU295YWslMkJIb2xkaW5nJTIxNWUwJTIxM20yJTIxMXN0ciUyMTJzdHIlMjE0djE0NzY4MTA1MDIzNDclMjIlMjB3aWR0aCUzRCUyMjEwMCUyNSUyMiUyMGhlaWdodCUzRCUyMjI1MCUyMiUyMGZyYW1lYm9yZGVyJTNEJTIyMCUyMiUyMGFsbG93ZnVsbHNjcmVlbiUzRCUyMmFsbG93ZnVsbHNjcmVlbiUyMiUzRSUzQyUyRmlmcmFtZSUzRQ==[\/vc_raw_html][\/vc_column_inner][\/vc_row_inner][\/vc_column][\/vc_row]<\/p>\n<\/div>","protected":false},"excerpt":{"rendered":"<p>[vc_row css=&#8221;.vc_custom_1639480015490{padding-top: 30px !important;}&#8221;][vc_column][vc_column_text css=&#8221;.vc_custom_1641810613089{margin-bottom: 10px !important;}&#8221; el_class=&#8221;ortala&#8221;] PROJECTS [\/vc_column_text][vc_row_inner css=&#8221;.vc_custom_1639486135864{margin-bottom: 10px !important;}&#8221;][vc_column_inner width=&#8221;1\/3&#8243;][\/vc_column_inner][vc_column_inner width=&#8221;1\/3&#8243;][\/vc_column_inner][vc_column_inner width=&#8221;1\/3&#8243;][\/vc_column_inner][\/vc_row_inner][vc_row_inner css=&#8221;.vc_custom_1639486141040{margin-bottom: 10px !important;}&#8221;][vc_column_inner width=&#8221;1\/3&#8243;][\/vc_column_inner][vc_column_inner width=&#8221;1\/3&#8243;][\/vc_column_inner][vc_column_inner width=&#8221;1\/3&#8243;][\/vc_column_inner][\/vc_row_inner][vc_row_inner css=&#8221;.vc_custom_1639486150375{margin-bottom: 10px !important;}&#8221;][vc_column_inner width=&#8221;1\/3&#8243;][\/vc_column_inner][vc_column_inner<span class=\"excerpt-hellip\"> [\u2026]<\/span><\/p>\n","protected":false},"author":1,"featured_media":0,"parent":0,"menu_order":0,"comment_status":"closed","ping_status":"closed","template":"","meta":{"footnotes":""},"class_list":["post-1938","page","type-page","status-publish","hentry"],"_links":{"self":[{"href":"https:\/\/www.soyak.com.tr\/en\/wp-json\/wp\/v2\/pages\/1938","targetHints":{"allow":["GET"]}}],"collection":[{"href":"https:\/\/www.soyak.com.tr\/en\/wp-json\/wp\/v2\/pages"}],"about":[{"href":"https:\/\/www.soyak.com.tr\/en\/wp-json\/wp\/v2\/types\/page"}],"author":[{"embeddable":true,"href":"https:\/\/www.soyak.com.tr\/en\/wp-json\/wp\/v2\/users\/1"}],"replies":[{"embeddable":true,"href":"https:\/\/www.soyak.com.tr\/en\/wp-json\/wp\/v2\/comments?post=1938"}],"version-history":[{"count":1,"href":"https:\/\/www.soyak.com.tr\/en\/wp-json\/wp\/v2\/pages\/1938\/revisions"}],"predecessor-version":[{"id":2456,"href":"https:\/\/www.soyak.com.tr\/en\/wp-json\/wp\/v2\/pages\/1938\/revisions\/2456"}],"wp:attachment":[{"href":"https:\/\/www.soyak.com.tr\/en\/wp-json\/wp\/v2\/media?parent=1938"}],"curies":[{"name":"wp","href":"https:\/\/api.w.org\/{rel}","templated":true}]}}