{"id":1953,"date":"2021-12-20T11:24:29","date_gmt":"2021-12-20T08:24:29","guid":{"rendered":"http:\/\/www.soyak.com.tr\/social-responsibility\/cevre\/"},"modified":"2022-01-10T12:24:07","modified_gmt":"2022-01-10T09:24:07","slug":"environment","status":"publish","type":"page","link":"https:\/\/www.soyak.com.tr\/en\/social-responsibility\/environment\/","title":{"rendered":"Environment"},"content":{"rendered":"<div class=\"wpb-content-wrapper\"><p>[vc_row full_width=&#8221;stretch_row&#8221; css=&#8221;.vc_custom_1639984147157{background-image: url(http:\/\/www.soyak.com.tr\/wp-content\/uploads\/2021\/12\/kurumsal-ust.jpg?id=200) !important;background-position: 0 0 !important;background-repeat: no-repeat !important;}&#8221;][vc_column][vc_column_text css=&#8221;.vc_custom_1641806334416{padding-top: 50px !important;padding-bottom: 50px !important;}&#8221;]<\/p>\n<h1 class=\"projebaslik\">Environment<\/h1>\n<p>[\/vc_column_text][vc_row_inner css=&#8221;.vc_custom_1639572993315{margin-bottom: 10px !important;background-color: #ffffff !important;}&#8221; el_class=&#8221;projeaciklama&#8221;][vc_column_inner width=&#8221;3\/4&#8243;][vc_column_text]<img loading=\"lazy\" decoding=\"async\" class=\"aligncenter size-full wp-image-245\" src=\"http:\/\/www.soyak.com.tr\/wp-content\/uploads\/2021\/12\/sorumluluk-soyak.jpg\" alt=\"\" width=\"700\" height=\"254\" srcset=\"https:\/\/www.soyak.com.tr\/wp-content\/uploads\/2021\/12\/sorumluluk-soyak.jpg 700w, https:\/\/www.soyak.com.tr\/wp-content\/uploads\/2021\/12\/sorumluluk-soyak-300x109.jpg 300w, https:\/\/www.soyak.com.tr\/wp-content\/uploads\/2021\/12\/sorumluluk-soyak-260x94.jpg 260w, https:\/\/www.soyak.com.tr\/wp-content\/uploads\/2021\/12\/sorumluluk-soyak-50x18.jpg 50w, https:\/\/www.soyak.com.tr\/wp-content\/uploads\/2021\/12\/sorumluluk-soyak-150x54.jpg 150w\" sizes=\"auto, (max-width:767px) 480px, 700px\" \/><\/p>\n<p>Social responsiblity is an established component of Soyak&#8217;s corporate culture. Accordingly, the principle of continued social responsiblity, and the pursuit of projects capable of benefitting the future holds great importance in the planning of all activities.<\/p>\n<p>This approach is at the heart of Soyak&#8217;s activities, and it remains dedicted to a sustainable environment in all of its community projects.<\/p>\n<p><strong>Save a Drop for the Future \/ Project Scope and Objectives:<\/strong><\/p>\n<p><img loading=\"lazy\" decoding=\"async\" class=\"aligncenter size-full wp-image-263\" src=\"http:\/\/www.soyak.com.tr\/wp-content\/uploads\/2021\/12\/gelecege-1-damla.jpg\" alt=\"\" width=\"80\" height=\"148\" srcset=\"https:\/\/www.soyak.com.tr\/wp-content\/uploads\/2021\/12\/gelecege-1-damla.jpg 80w, https:\/\/www.soyak.com.tr\/wp-content\/uploads\/2021\/12\/gelecege-1-damla-79x146.jpg 79w, https:\/\/www.soyak.com.tr\/wp-content\/uploads\/2021\/12\/gelecege-1-damla-27x50.jpg 27w, https:\/\/www.soyak.com.tr\/wp-content\/uploads\/2021\/12\/gelecege-1-damla-41x75.jpg 41w\" sizes=\"auto, (max-width:767px) 80px, 80px\" \/><\/p>\n<p>In 2008, Soyak brought its &#8220;Save a Drop for the Future&#8221; project, which had begun life in Izmir in 2007, to Istanbul. It distrbuted related literature at a total of 33 schools, bringing to fruition its work on the project.<\/p>\n<p>The efficient use of water, essential to the very existence of life on earth, and the taking of precautions to ensure that a responsible and aware generation today prevents tomorrow&#8217;s generations from facing the dangers of drought forms the basis of the project. And primarily by educating the young, especilly in the educational arena, we help to broaden public awareness of the issue.<\/p>\n<p>This project encourages precautions against the threat, both to our country and the world, posed by extreme water consumption as a result of global war<\/p>\n<p><strong>Save a Drop for the Future \/ 2007 Project Implementation:<\/strong><\/p>\n<p><img loading=\"lazy\" decoding=\"async\" class=\"aligncenter size-full wp-image-265\" src=\"http:\/\/www.soyak.com.tr\/wp-content\/uploads\/2021\/12\/2007-proje.jpg\" alt=\"\" width=\"285\" height=\"214\" srcset=\"https:\/\/www.soyak.com.tr\/wp-content\/uploads\/2021\/12\/2007-proje.jpg 285w, https:\/\/www.soyak.com.tr\/wp-content\/uploads\/2021\/12\/2007-proje-194x146.jpg 194w, https:\/\/www.soyak.com.tr\/wp-content\/uploads\/2021\/12\/2007-proje-50x38.jpg 50w, https:\/\/www.soyak.com.tr\/wp-content\/uploads\/2021\/12\/2007-proje-100x75.jpg 100w\" sizes=\"auto, (max-width:767px) 285px, 285px\" \/><\/p>\n<p>As part of the &#8220;Save a Drop for the Future&#8221; project, Soyak, in association with the \u00c7\u0131\u011fl\u0131 Rotary Club in 2007, renewed the waterpipes of 15 state schools to ensure savings in water consumption.<\/p>\n<p>Those schools selected as part of this project participated in awareness-raising meetings with Soyak and the \u00c7\u0131\u011fl\u0131 Rotary Club. Water conservation measurement projects are currently underway. Accordingly, for comparison purposes water consumption at schools is measured prior to, and after new materials have been used. In this manner the extent of possible savings becomes apparent.<\/p>\n<p>All schools participating in the project held a &#8220;Save a Drop for the Future&#8221; painting, poetry and composition competition geared at raising awareness among the younger generation of the true meaning of conservation.<\/p>\n<p>Soyak has instilled the values of the project within its own institutions. Accordingly, by renewing the plumbing at all of its buildings, it has managed to conserve communally consumed water with use of sensorized taps. As part of the process of informing Soyak employees about water conservation, their children participated in the &#8220;Save a Drop for the Future&#8221; painting competition, with the best entries appearing in the annual callendar. The corporation&#8217;s monthly e-bulletin also continues to deliver the conservation message.<\/p>\n<p><strong>Save a Drop for the Future \/ 2008 Project Implementation:<\/strong><\/p>\n<p><img loading=\"lazy\" decoding=\"async\" class=\"aligncenter size-full wp-image-267\" src=\"http:\/\/www.soyak.com.tr\/wp-content\/uploads\/2021\/12\/2008-proje.jpg\" alt=\"\" width=\"285\" height=\"214\" srcset=\"https:\/\/www.soyak.com.tr\/wp-content\/uploads\/2021\/12\/2008-proje.jpg 285w, https:\/\/www.soyak.com.tr\/wp-content\/uploads\/2021\/12\/2008-proje-194x146.jpg 194w, https:\/\/www.soyak.com.tr\/wp-content\/uploads\/2021\/12\/2008-proje-50x38.jpg 50w, https:\/\/www.soyak.com.tr\/wp-content\/uploads\/2021\/12\/2008-proje-100x75.jpg 100w\" sizes=\"auto, (max-width:767px) 285px, 285px\" \/><\/p>\n<p>In continuation of the \u0130zmir water consumption measurement activities of 2008, the project moved to Istanbul. There, in association with the Bostanc\u0131 and Karak\u00f6y Rotary Clubs, a total of 18 state schools underwent the same process. Responsible water consumption awareness was raised and the project gained momentum.<\/p>\n<p>In 2009 plans exist to organize painting, poety and composition writing competitions among participating schools in Istanbul. Work is ongoing to spread the conservation message, also through the periodic corporate magazine, at sales offices and through sponsorship activities with media exposure.<\/p>\n<p>The initial application of the &#8220;1st Soyak Virtual Dam&#8221;, geared at instilling the idea that even a small change in the way we use water is important, and of attracting diverse sections of society through a virtual medium, commenced on Facebook in 2008. The project goal was to create awareness through a virtual environment of the need to conserve 2 million tons of water.<\/p>\n<p><strong>Save a Drop for the Future \/ Project Results:<\/strong><\/p>\n<p><img loading=\"lazy\" decoding=\"async\" class=\"aligncenter size-full wp-image-269\" src=\"http:\/\/www.soyak.com.tr\/wp-content\/uploads\/2021\/12\/proje-sonuc.jpg\" alt=\"\" width=\"285\" height=\"214\" srcset=\"https:\/\/www.soyak.com.tr\/wp-content\/uploads\/2021\/12\/proje-sonuc.jpg 285w, https:\/\/www.soyak.com.tr\/wp-content\/uploads\/2021\/12\/proje-sonuc-194x146.jpg 194w, https:\/\/www.soyak.com.tr\/wp-content\/uploads\/2021\/12\/proje-sonuc-50x38.jpg 50w, https:\/\/www.soyak.com.tr\/wp-content\/uploads\/2021\/12\/proje-sonuc-100x75.jpg 100w\" sizes=\"auto, (max-width:767px) 285px, 285px\" \/><\/p>\n<p>Following two years of activity, the Save a Drop for the Future project has been realised in 33 schools in \u0130zmir and \u0130stanbul. And going forward, having determined the amount of water saved at the schools, the general public, as well as school administrators, students and parents will be kept informed of developments.<\/p>\n<p>Measurements made in \u0130zmir indicated that in around 1 year 850,000 tons of water were being conserved, and that the amount was rising daily. Within the scope of the project aimed at increasing total water conservation by 30%, initial measurements taken in 2008 indicted that the level had risen by 15% to 45%. The project saw a total of 225 participants contributing 30,000 man hours, in addition to 7,500 material replacements.<\/p>\n<p>Reaching a total of 100,000 people, the project made a real difference in understanding the realities of drought. It also took a firm step towards instilling a lasting awareness of the need to protect the rights of future generations.<\/p>\n<p>In about 1 month, 4,500 members of the Facebook &#8220;1st Soyak Virtual Dam&#8221; application, accessible from www.soyak.com.tr, managed to conserve a total of 182,000 tons of water. Accordingly, the Facebook &#8220;1st Soyak Virtual Dam&#8221; reached 5.4% capacity.<\/p>\n<p><strong>Save a Drop for the Future \/ Schools in Izmir Involved in the Project:<\/strong><\/p>\n<p><img loading=\"lazy\" decoding=\"async\" class=\"aligncenter size-full wp-image-271\" src=\"http:\/\/www.soyak.com.tr\/wp-content\/uploads\/2021\/12\/proje-okullar.jpg\" alt=\"\" width=\"285\" height=\"214\" srcset=\"https:\/\/www.soyak.com.tr\/wp-content\/uploads\/2021\/12\/proje-okullar.jpg 285w, https:\/\/www.soyak.com.tr\/wp-content\/uploads\/2021\/12\/proje-okullar-194x146.jpg 194w, https:\/\/www.soyak.com.tr\/wp-content\/uploads\/2021\/12\/proje-okullar-50x38.jpg 50w, https:\/\/www.soyak.com.tr\/wp-content\/uploads\/2021\/12\/proje-okullar-100x75.jpg 100w\" sizes=\"auto, (max-width:767px) 285px, 285px\" \/><\/p>\n<p>Atakent Anadolu High School<br \/>\nBeh\u00e7et Uz Anadolu High School<br \/>\n\u00c7i\u011fli Rotary Commerce and Vocational High School<br \/>\nGazeteci \u00c7etin Altan Anadolu Technical High School<br \/>\nGazi High School<br \/>\nG\u00fcm\u00fc\u015fpala Anadolu High School<br \/>\nKar\u015f\u0131yaka Anadolu High School<br \/>\nKar\u015f\u0131yaka Anadoul. Girls Vocational High School<br \/>\nKar\u015f\u0131yaka High School<br \/>\nMehmet Ali Lahur Commerce and Vocational High School<br \/>\nNaime T\u00f6mek Commerce and Vocational High School<br \/>\nNecip Demir Commerce and Vocational High School<br \/>\nS\u00fcleyman Demirel High School<br \/>\n\u015eehit Ali Karao\u011flan High School<br \/>\nVali Erol \u00c7ak\u0131r High School<\/p>\n<p>Save a Drop for the Future \/ \u0130stanbul Schools Featured in the Project:<\/p>\n<p>Yeni\u015fehir Erkut Soyak High School<br \/>\nYeni\u015fehir Bilge Soyak Primary School<br \/>\nG\u00f6ztepe Y\u0131lmaz Soyak Primary School<br \/>\nKartal Yakac\u0131k High School (Kartal)<br \/>\nHac\u0131 Hafize Bayraktar High School (Kartal)<br \/>\nDISK Anadolu Textiles Vocational Schools (Kartal)<br \/>\nBurak Bora Anadolu High School (Kartal)<br \/>\nS\u00fcleyman Demirel High School (Kartal)<br \/>\nZehra Mustafa Dalg\u0131\u00e7 Commerce and Vocational High School (K.\u00c7ekmece)<br \/>\nKadriye Moro\u011flu High School (K.\u00c7ekmece)<br \/>\n\u0130smet Aktar Industrial Vocational High School (K.\u00c7ekmece)<br \/>\nThe ISE Halkal\u0131 Vocational High School (K.\u00c7ekmece)<br \/>\nGazi Anadolu High School (K.\u00c7ekmece)<br \/>\nFahrettin Kerim G\u00f6kay Anadolu High School (K.\u00c7ekmece)<br \/>\n\u015eehit Binba\u015f\u0131 Bedir Karab\u0131y\u0131k High School (K.\u00c7ekmece)<br \/>\nHalkal\u0131 Commerce and Vocational High School (K.\u00c7ekmece)<br \/>\nThe ISE Atakent Industrial Vocational High School (K.\u00c7ekmece)<br \/>\nSabahattin Zaim High School (K.\u00c7ekmece)<\/p>\n<p><strong>Smart Stars \/ Project Objectives:<\/strong><\/p>\n<p>Energy need increases every day, even though conventional energy resources are limited and associated climate change issues, such as bringing bothenergy-efficient operation, as well as renewable energy sources of choice on the steps to be taken is required. Smart Stars project, with project partners identified in students in schools aims to improve awareness of energy saving.<\/p>\n<p><img loading=\"lazy\" decoding=\"async\" class=\"aligncenter size-full wp-image-273\" src=\"http:\/\/www.soyak.com.tr\/wp-content\/uploads\/2021\/12\/proje-amac.jpg\" alt=\"\" width=\"285\" height=\"214\" srcset=\"https:\/\/www.soyak.com.tr\/wp-content\/uploads\/2021\/12\/proje-amac.jpg 285w, https:\/\/www.soyak.com.tr\/wp-content\/uploads\/2021\/12\/proje-amac-194x146.jpg 194w, https:\/\/www.soyak.com.tr\/wp-content\/uploads\/2021\/12\/proje-amac-50x38.jpg 50w, https:\/\/www.soyak.com.tr\/wp-content\/uploads\/2021\/12\/proje-amac-100x75.jpg 100w\" sizes=\"auto, (max-width:767px) 285px, 285px\" \/><\/p>\n<p><strong>Smart Stars \/ Project Objectives:<\/strong><\/p>\n<p>Energy need increases every day, even though conventional energy resources are limited and associated climate change issues, such as bringing bothenergy-efficient operation, as well as renewable energy sources of choice on the steps to be taken is required. Smart Stars project, with project partners identified in students in schools aims to improve awareness of energy saving.<\/p>\n<p>Smart Stars \/ Project Implementation:<\/p>\n<p>Smart Stars Energy Saving Social Responsibility Project between the years 2014-2016 in Istanbul and Izmir will be implemented in 33 public schools. Project partners include the Ministry of Education with the Bilgi University, where Smart Stars Energy Saving Corporate Social Responsibility Project&#8217;s purpose in grade 4 science and technology curriculum in parallel with the topics to be discussed with the elementary school students, in these students&#8217; teachers and parents in the energy-saving, energy-efficient use and importance for sustainable living is to create awareness on issues.<\/p>\n<p>Smart Stars Energy Saving Corporate Social Responsibility Project 250 for 4000 hours bilgilenip energy as a teacher of teachers will be employed. Smart Stars in our project at the same time a total of 20,000 hours to 10,000 parents will be seminars. The project will take place in schools, a total of 45,000 students studying energy in different time zones to participate in the festivities are planned. All the Stars in the web content Smart in Turkey with about 50,000 students in total, reaching 150,000 hours at the end of the project is targeted awareness.<\/p>\n<p>The project web site with the same name (akilliyildizlar.co) all children in Turkey through energy conservation and sustainable living with messages on the importance of the transfer will be reached. All of the content on this site in Turkey, teachers, students and parents can benefit at the same time as the site will include a game made for kids.<\/p>\n<p><img loading=\"lazy\" decoding=\"async\" class=\"aligncenter size-full wp-image-275\" src=\"http:\/\/www.soyak.com.tr\/wp-content\/uploads\/2021\/12\/akilli-yildizlar.jpg\" alt=\"\" width=\"285\" height=\"214\" srcset=\"https:\/\/www.soyak.com.tr\/wp-content\/uploads\/2021\/12\/akilli-yildizlar.jpg 285w, https:\/\/www.soyak.com.tr\/wp-content\/uploads\/2021\/12\/akilli-yildizlar-194x146.jpg 194w, https:\/\/www.soyak.com.tr\/wp-content\/uploads\/2021\/12\/akilli-yildizlar-50x38.jpg 50w, https:\/\/www.soyak.com.tr\/wp-content\/uploads\/2021\/12\/akilli-yildizlar-100x75.jpg 100w\" sizes=\"auto, (max-width:767px) 285px, 285px\" \/><\/p>\n<p><strong>Smart Stars \/ The first results of the project:<\/strong><\/p>\n<p>The project was implemented in \u0130stanbul Ba\u015fak\u015fehir and K\u00fc\u00e7\u00fck\u00e7ekmece&#8217;deki in 10 schools; 150 teachers, has reached approximately 16,000 students and 4000 parents. According to the results of the early days of the project, including energy awareness was carried out a total of 48,000 hours.<\/p>\n<p>In the first stage of the project survey was conducted with 750 students. Projects in the education of the students, the pre-test and post-test assessment based on the results of students in the final test of the accuracy of their answers to propose an increase of 16% was observed. Recent tests suggest the correct response rate increased the most, respectively;<\/p>\n<p>Energy is not lost, just transforms.<br \/>\nRe-occur naturally, such as solar and wind energy sources, renewable energy sources.<br \/>\nHome heating left on the towels, causes more energy for heating.<br \/>\nThis proposition about green building, as well as in a significant change has been the pre-test and post. &#8220;Green building is a building painted green&#8221; proposition stating that it is wrong that a 40% increase in the number of students, this issue occurs at a younger age shows us that consciousness.[\/vc_column_text][\/vc_column_inner][vc_column_inner el_class=&#8221;projemenuler&#8221; width=&#8221;1\/4&#8243; css=&#8221;.vc_custom_1639573061809{padding-top: 15px !important;padding-bottom: 15px !important;background-color: #195b91 !important;}&#8221;][vc_wp_custommenu nav_menu=&#8221;34&#8243;][\/vc_column_inner][\/vc_row_inner][\/vc_column][\/vc_row]<\/p>\n<\/div>","protected":false},"excerpt":{"rendered":"<p>[vc_row full_width=&#8221;stretch_row&#8221; css=&#8221;.vc_custom_1639984147157{background-image: url(http:\/\/www.soyak.com.tr\/wp-content\/uploads\/2021\/12\/kurumsal-ust.jpg?id=200) !important;background-position: 0 0 !important;background-repeat: no-repeat !important;}&#8221;][vc_column][vc_column_text css=&#8221;.vc_custom_1641806334416{padding-top: 50px !important;padding-bottom: 50px !important;}&#8221;] Environment [\/vc_column_text][vc_row_inner css=&#8221;.vc_custom_1639572993315{margin-bottom: 10px !important;background-color: #ffffff !important;}&#8221; el_class=&#8221;projeaciklama&#8221;][vc_column_inner width=&#8221;3\/4&#8243;][vc_column_text] Social responsiblity<span class=\"excerpt-hellip\"> [\u2026]<\/span><\/p>\n","protected":false},"author":1,"featured_media":0,"parent":1948,"menu_order":0,"comment_status":"closed","ping_status":"closed","template":"","meta":{"footnotes":""},"class_list":["post-1953","page","type-page","status-publish","hentry"],"_links":{"self":[{"href":"https:\/\/www.soyak.com.tr\/en\/wp-json\/wp\/v2\/pages\/1953","targetHints":{"allow":["GET"]}}],"collection":[{"href":"https:\/\/www.soyak.com.tr\/en\/wp-json\/wp\/v2\/pages"}],"about":[{"href":"https:\/\/www.soyak.com.tr\/en\/wp-json\/wp\/v2\/types\/page"}],"author":[{"embeddable":true,"href":"https:\/\/www.soyak.com.tr\/en\/wp-json\/wp\/v2\/users\/1"}],"replies":[{"embeddable":true,"href":"https:\/\/www.soyak.com.tr\/en\/wp-json\/wp\/v2\/comments?post=1953"}],"version-history":[{"count":0,"href":"https:\/\/www.soyak.com.tr\/en\/wp-json\/wp\/v2\/pages\/1953\/revisions"}],"up":[{"embeddable":true,"href":"https:\/\/www.soyak.com.tr\/en\/wp-json\/wp\/v2\/pages\/1948"}],"wp:attachment":[{"href":"https:\/\/www.soyak.com.tr\/en\/wp-json\/wp\/v2\/media?parent=1953"}],"curies":[{"name":"wp","href":"https:\/\/api.w.org\/{rel}","templated":true}]}}