{"id":1966,"date":"2021-12-20T11:49:03","date_gmt":"2021-12-20T08:49:03","guid":{"rendered":"http:\/\/www.soyak.com.tr\/social-responsibility\/sponsorluklar\/"},"modified":"2022-01-10T12:42:10","modified_gmt":"2022-01-10T09:42:10","slug":"sponsorships","status":"publish","type":"page","link":"https:\/\/www.soyak.com.tr\/en\/social-responsibility\/sponsorships\/","title":{"rendered":"Sponsorships"},"content":{"rendered":"<div class=\"wpb-content-wrapper\"><p>[vc_row full_width=&#8221;stretch_row&#8221; css=&#8221;.vc_custom_1639984147157{background-image: url(http:\/\/www.soyak.com.tr\/wp-content\/uploads\/2021\/12\/kurumsal-ust.jpg?id=200) !important;background-position: 0 0 !important;background-repeat: no-repeat !important;}&#8221;][vc_column][vc_column_text css=&#8221;.vc_custom_1641807457214{padding-top: 50px !important;padding-bottom: 50px !important;}&#8221;]<\/p>\n<h1 class=\"projebaslik\">Sponsorships<\/h1>\n<p>[\/vc_column_text][vc_row_inner css=&#8221;.vc_custom_1639572993315{margin-bottom: 10px !important;background-color: #ffffff !important;}&#8221; el_class=&#8221;projeaciklama&#8221;][vc_column_inner width=&#8221;3\/4&#8243;][vc_column_text]<img loading=\"lazy\" decoding=\"async\" class=\"aligncenter size-full wp-image-245\" src=\"http:\/\/www.soyak.com.tr\/wp-content\/uploads\/2021\/12\/sorumluluk-soyak.jpg\" alt=\"\" width=\"700\" height=\"254\" srcset=\"https:\/\/www.soyak.com.tr\/wp-content\/uploads\/2021\/12\/sorumluluk-soyak.jpg 700w, https:\/\/www.soyak.com.tr\/wp-content\/uploads\/2021\/12\/sorumluluk-soyak-300x109.jpg 300w, https:\/\/www.soyak.com.tr\/wp-content\/uploads\/2021\/12\/sorumluluk-soyak-260x94.jpg 260w, https:\/\/www.soyak.com.tr\/wp-content\/uploads\/2021\/12\/sorumluluk-soyak-50x18.jpg 50w, https:\/\/www.soyak.com.tr\/wp-content\/uploads\/2021\/12\/sorumluluk-soyak-150x54.jpg 150w\" sizes=\"auto, (max-width:767px) 480px, 700px\" \/><\/p>\n<p>As well as the education, sports, and entertainment activities, our company also appears as the sponsor of various artistic and cultural activities. Furthermore, Soyak undertakes the official sponsorship of National Quality Congress as from the year of 2004.<\/p>\n<p>We can summarize our sponsorships rising from the year of 2003 as follows;<\/p>\n<h4>2008 SPONSORSHIPS YEAR<\/h4>\n<table>\n<tbody>\n<tr>\n<td><b>Activity<\/b><\/td>\n<td><b>Supported Organization<\/b><\/td>\n<\/tr>\n<tr>\n<td>\u0130stanbul 2010 Avrupa K\u00fclt\u00fcr Ba\u015fkenti<\/td>\n<td>\u0130stanbul 2010 Avrupa K\u00fclt\u00fcr Ba\u015fkenti Ajans\u0131<\/td>\n<\/tr>\n<tr>\n<td>D\u00fcnden Yar\u0131na Gayrimenkul S\u00f6yle\u015fileri<\/td>\n<td>ULI Turkey<\/td>\n<\/tr>\n<tr>\n<td>Dokuz Eyl\u00fcl \u00dcniversitesi Kariyer G\u00fcnleri<\/td>\n<td>Dokuz Eyl\u00fcl \u00dcniversitesi<\/td>\n<\/tr>\n<tr>\n<td>Kazananlar Konferans\u0131 Winco 2008<\/td>\n<td>KALDER<\/td>\n<\/tr>\n<tr>\n<td>\u0130zmir M\u00fckemmelliyet\u00e7ili\u011fi Aray\u0131\u015f Sempozyumu<\/td>\n<td>KALDER<\/td>\n<\/tr>\n<tr>\n<td>17.Kalite Kongresi<\/td>\n<td>KALDER<\/td>\n<\/tr>\n<tr>\n<td>6.\u0130nsan Y\u00f6netimi Zirvesi<\/td>\n<td>KALDER<\/td>\n<\/tr>\n<tr>\n<td>Forum \u0130stanbul<\/td>\n<td>Creative Yay\u0131nc\u0131l\u0131k<\/td>\n<\/tr>\n<tr>\n<td>23 Nisan \u00c7ocuk \u015eenli\u011fi<\/td>\n<td>A\u00e7\u0131k Kap\u0131 Derne\u011fi<\/td>\n<\/tr>\n<tr>\n<td>Kar\u015f\u0131yaka 23 Nisan \u015eenli\u011fi<\/td>\n<td>Kar\u015f\u0131yaka Belediyesi<\/td>\n<\/tr>\n<tr>\n<td>3.\u0130\u015f D\u00fcnyas\u0131 ve S\u00fcrd\u00fcr\u00fclebilir Kalk\u0131nma Kongresi<\/td>\n<td>\u0130\u015f D\u00fcnyas\u0131 ve S\u00fcrd\u00fcr\u00fclebilir Kalk\u0131nma Derne\u011fi<\/td>\n<\/tr>\n<tr>\n<td>2.Uluslararas\u0131 Sporda Pazarlama ve Sponsorluk Kongresi<\/td>\n<td>Gen\u00e7lik ve Spor Genel M\u00fcd\u00fcrl\u00fc\u011f\u00fc<\/td>\n<\/tr>\n<tr>\n<td>Soyak Yeni\u015fehir \u015eelale Evleri Yaza Merhaba Etkinli\u011fi<\/td>\n<td>Soyak Yeni\u015fehir<\/td>\n<\/tr>\n<tr>\n<td>8. Gayrimenkul Zirvesi<\/td>\n<td>GYODER<\/td>\n<\/tr>\n<tr>\n<td>Lounge FM<\/td>\n<td>PD M\u00fczik<\/td>\n<\/tr>\n<tr>\n<td>Soyak Yeni\u015fehir Palmiye Evleri Yaza Merhaba Etkinli\u011fi<\/td>\n<td>Soyak Yeni\u015fehir<\/td>\n<\/tr>\n<tr>\n<td>Design&amp;Construct 2008<\/td>\n<td>Bo\u011fazi\u00e7i \u00dcniversitesi<\/td>\n<\/tr>\n<tr>\n<td>Yenilenebilir Enerji ve \u0130\u015f F\u0131rsatlar\u0131 Konferans\u0131<\/td>\n<td>D\u00fcnya \u015eirketler Grubu ve KfW Bankengruppe<\/td>\n<\/tr>\n<\/tbody>\n<\/table>\n<h4>2007 SPONSORSHIPS YEAR<\/h4>\n<table>\n<tbody>\n<tr>\n<td><b>Activity<\/b><\/td>\n<td><b>Supported Organization<\/b><\/td>\n<\/tr>\n<tr>\n<td>VII. Gayr\u0131menkul Zirvesi<\/td>\n<td>GYODER<\/td>\n<\/tr>\n<tr>\n<td>8. M\u00fckemmelli\u011fi Aray\u0131\u015f Sempozyumu<\/td>\n<td>KALDER<\/td>\n<\/tr>\n<tr>\n<td>Kurumsal Geli\u015fim ve Marka Konferans\u0131<\/td>\n<td>Management Plus ve Alt\u0131n Anahtar Dergisi<\/td>\n<\/tr>\n<tr>\n<td>Deneyim Payla\u015f\u0131m\u0131 Konferans\u0131<\/td>\n<td>TOK\u0130<\/td>\n<\/tr>\n<tr>\n<td>16.Kalite Kongresi<\/td>\n<td>KALDER<\/td>\n<\/tr>\n<tr>\n<td>\u0130stanbul \u00dcniversitesi Zemin &#8211; Yap\u0131 Etkile\u015fimi Sempozyumu<\/td>\n<td>\u0130STANBUL \u00dcN\u0130VERS\u0130TES\u0130<\/td>\n<\/tr>\n<tr>\n<td>7.Ulusal Beton Kongresi<\/td>\n<td>TMMOB \u0130N\u015eAAT M\u00dcHEND\u0130SLER\u0130 ODASI<\/td>\n<\/tr>\n<tr>\n<td>10.Uluslararas\u0131 \u0130stanbul Bienali<\/td>\n<td>\u0130STANBUL K\u00dcLT\u00dcR VE SANAT VAKFI<\/td>\n<\/tr>\n<tr>\n<td>NART Risk Management Forum 2007<\/td>\n<td>NART S\u0130GORTA<\/td>\n<\/tr>\n<tr>\n<td>Toplum G\u00f6n\u00fcll\u00fcleri Vakf\u0131 5. Kurulu\u015f Y\u0131l\u0131 Kutlamas\u0131<\/td>\n<td>TOPLUM G\u00d6N\u00dcLL\u00dcLER\u0130 VAKFI<\/td>\n<\/tr>\n<tr>\n<td>Urban Land Institute Konferans\u0131<\/td>\n<td>URBAN LAND INST\u0130TUTE<\/td>\n<\/tr>\n<tr>\n<td>Forum \u0130stanbul 2007<\/td>\n<td>FORUM \u0130STANBUL ENST\u0130T\u00dcS\u00dc<\/td>\n<\/tr>\n<tr>\n<td>Lounge FM<\/td>\n<td>LOUNGE FM<\/td>\n<\/tr>\n<\/tbody>\n<\/table>\n<h4>2006 SPONSORSHIPS YEAR<\/h4>\n<table>\n<tbody>\n<tr>\n<td><b>Activity<\/b><\/td>\n<td><b>Supported Organization<\/b><\/td>\n<\/tr>\n<tr>\n<td>VI. Gayr\u0131menkul Zirvesi<\/td>\n<td>GYODER<\/td>\n<\/tr>\n<tr>\n<td>Konut Finansman\u0131 ve T\u00fcrkiye Konf. III<\/td>\n<td>GYODER<\/td>\n<\/tr>\n<tr>\n<td>15. Kalite Kongresi<\/td>\n<td>KALDER<\/td>\n<\/tr>\n<tr>\n<td>Sporda Sponsorluk Kongresi<\/td>\n<td>Gen\u00e7lik ve Spor Genel M\u00fcd\u00fcrl\u00fc\u011f\u00fc<\/td>\n<\/tr>\n<tr>\n<td>ACE Konferans\u0131<\/td>\n<td>Y\u0131ld\u0131z Teknik \u00dcniversitesi<\/td>\n<\/tr>\n<tr>\n<td>M\u00fckemmelli\u011fi Aray\u0131\u015f Sempozyumu<\/td>\n<td>KALDER<\/td>\n<\/tr>\n<tr>\n<td>Lounge FM<\/td>\n<td>Lounge FM<\/td>\n<\/tr>\n<\/tbody>\n<\/table>\n<h4>2005 SPONSORSHIPS YEAR<\/h4>\n<table>\n<tbody>\n<tr>\n<td><b>Activity<\/b><\/td>\n<td><b>Supported Organization<\/b><\/td>\n<\/tr>\n<tr>\n<td>6. M\u00fckemmelli\u011fi Aray\u0131\u015f Sempozyumu<\/td>\n<td>KALDER<\/td>\n<\/tr>\n<tr>\n<td>ULI Kongresi<\/td>\n<td>ULI<\/td>\n<\/tr>\n<tr>\n<td>Konut Finansman\u0131 ve T\u00fcrkiye Konf.<\/td>\n<td>GYODER<\/td>\n<\/tr>\n<tr>\n<td>14. Kalite Kongresi<\/td>\n<td>KALDER<\/td>\n<\/tr>\n<tr>\n<td>Ulusal Sponsorluk Konferans\u0131<\/td>\n<td>Arya<\/td>\n<\/tr>\n<tr>\n<td>Eski\u015fehir Kalder \u00d6d\u00fcl T\u00f6reni<\/td>\n<td>KALDER<\/td>\n<\/tr>\n<tr>\n<td>Kentsel D\u00f6n\u00fc\u015f\u00fcm Sempozyumu<\/td>\n<td>K.\u00c7ekmece Belediyesi<\/td>\n<\/tr>\n<tr>\n<td>\u0130zmir Yap\u0131 \u0130\u015fleri Kongresi<\/td>\n<td>\u0130MO<\/td>\n<\/tr>\n<tr>\n<td>Lounge FM<\/td>\n<td>Lounge FM<\/td>\n<\/tr>\n<tr>\n<td>9. \u0130stanbul Bienali<\/td>\n<td>\u0130KSAV<\/td>\n<\/tr>\n<tr>\n<td>Kar\u015f\u0131yaka \u00c7ocuk Festivali<\/td>\n<td>Kar\u015f\u0131yaka Belediyesi<\/td>\n<\/tr>\n<tr>\n<td>Soyak Yeni\u015fehir Yaza Merhaba \u015eenli\u011fi<\/td>\n<td>Soyak Yeni\u015fehir; \u015eelale Evleri Site Y\u00f6netimi<\/td>\n<\/tr>\n<tr>\n<td>Soyak G\u00f6ztepe Yaza Merhaba \u015eenli\u011fi<\/td>\n<td>Soyak G\u00f6ztepe Sitesi;Site Y\u00f6netimi<\/td>\n<\/tr>\n<tr>\n<td>Palmiye Evleri Yaza Merhaba \u015eenli\u011fi<\/td>\n<td>Soyak Yeni\u015fehir, Palmiye Evleri Site Y\u00f6netimi<\/td>\n<\/tr>\n<tr>\n<td>Soyak Yeni\u015fehir Beach Volley Turnuvas\u0131<\/td>\n<td>Soyak Yeni\u015fehir; \u015eelale Evleri Site Y\u00f6netimi<\/td>\n<\/tr>\n<\/tbody>\n<\/table>\n<h4>2004 SPONSORSHIPS YEAR<\/h4>\n<table>\n<tbody>\n<tr>\n<td><b>Activity<\/b><\/td>\n<td><b>Supported Organization<\/b><\/td>\n<\/tr>\n<tr>\n<td>1. Tedarik Zinciri Konferans\u0131<\/td>\n<td>RGA Y\u00f6netim Dan\u0131\u015fmanl\u0131k<\/td>\n<\/tr>\n<tr>\n<td>13. Kalite Kongresi<\/td>\n<td>KALDER<\/td>\n<\/tr>\n<tr>\n<td>\u0130n\u015f. M\u00fch. Odas\u0131 Kongre<\/td>\n<td>\u0130MO<\/td>\n<\/tr>\n<tr>\n<td>\u0130n\u015f. M\u00fch. Odas\u0131 50. y\u0131l etkinlikleri<\/td>\n<td>\u0130MO<\/td>\n<\/tr>\n<tr>\n<td>Kalite \u015e\u00f6leni<\/td>\n<td>KALDER<\/td>\n<\/tr>\n<tr>\n<td>Soyak Yeni\u015fehir Beach Volley Turnuvas\u0131<\/td>\n<td>Soyak Yeni\u015fehir; \u015eelale Evleri Site Y\u00f6netimi<\/td>\n<\/tr>\n<\/tbody>\n<\/table>\n<h4>2003 SPONSORSHIPS YEAR<\/h4>\n<table>\n<tbody>\n<tr>\n<td><b>Activity<\/b><\/td>\n<td><b>Supported Organization<\/b><\/td>\n<\/tr>\n<tr>\n<td>Soyak Yeni\u015fehir Beach Volley Turnuvas\u0131<\/td>\n<td>Soyak Yeni\u015fehir; \u015eelale Evleri Site Y\u00f6netimi<\/td>\n<\/tr>\n<\/tbody>\n<\/table>\n<p>[\/vc_column_text][\/vc_column_inner][vc_column_inner el_class=&#8221;projemenuler&#8221; width=&#8221;1\/4&#8243; css=&#8221;.vc_custom_1639573061809{padding-top: 15px !important;padding-bottom: 15px !important;background-color: #195b91 !important;}&#8221;][vc_wp_custommenu nav_menu=&#8221;34&#8243;][\/vc_column_inner][\/vc_row_inner][\/vc_column][\/vc_row]<\/p>\n<\/div>","protected":false},"excerpt":{"rendered":"<p>[vc_row full_width=&#8221;stretch_row&#8221; css=&#8221;.vc_custom_1639984147157{background-image: url(http:\/\/www.soyak.com.tr\/wp-content\/uploads\/2021\/12\/kurumsal-ust.jpg?id=200) !important;background-position: 0 0 !important;background-repeat: no-repeat !important;}&#8221;][vc_column][vc_column_text css=&#8221;.vc_custom_1641807457214{padding-top: 50px !important;padding-bottom: 50px !important;}&#8221;] Sponsorships [\/vc_column_text][vc_row_inner css=&#8221;.vc_custom_1639572993315{margin-bottom: 10px !important;background-color: #ffffff !important;}&#8221; el_class=&#8221;projeaciklama&#8221;][vc_column_inner width=&#8221;3\/4&#8243;][vc_column_text] As well<span class=\"excerpt-hellip\"> [\u2026]<\/span><\/p>\n","protected":false},"author":1,"featured_media":0,"parent":1948,"menu_order":0,"comment_status":"closed","ping_status":"closed","template":"","meta":{"footnotes":""},"class_list":["post-1966","page","type-page","status-publish","hentry"],"_links":{"self":[{"href":"https:\/\/www.soyak.com.tr\/en\/wp-json\/wp\/v2\/pages\/1966","targetHints":{"allow":["GET"]}}],"collection":[{"href":"https:\/\/www.soyak.com.tr\/en\/wp-json\/wp\/v2\/pages"}],"about":[{"href":"https:\/\/www.soyak.com.tr\/en\/wp-json\/wp\/v2\/types\/page"}],"author":[{"embeddable":true,"href":"https:\/\/www.soyak.com.tr\/en\/wp-json\/wp\/v2\/users\/1"}],"replies":[{"embeddable":true,"href":"https:\/\/www.soyak.com.tr\/en\/wp-json\/wp\/v2\/comments?post=1966"}],"version-history":[{"count":0,"href":"https:\/\/www.soyak.com.tr\/en\/wp-json\/wp\/v2\/pages\/1966\/revisions"}],"up":[{"embeddable":true,"href":"https:\/\/www.soyak.com.tr\/en\/wp-json\/wp\/v2\/pages\/1948"}],"wp:attachment":[{"href":"https:\/\/www.soyak.com.tr\/en\/wp-json\/wp\/v2\/media?parent=1966"}],"curies":[{"name":"wp","href":"https:\/\/api.w.org\/{rel}","templated":true}]}}