{"id":2132,"date":"2021-12-22T18:15:42","date_gmt":"2021-12-22T15:15:42","guid":{"rendered":"http:\/\/www.soyak.com.tr\/soyak-park-aparts-projeye-ulasim\/"},"modified":"2022-01-27T16:24:37","modified_gmt":"2022-01-27T13:24:37","slug":"soyak-park-aparts-go-to-the-project","status":"publish","type":"page","link":"https:\/\/www.soyak.com.tr\/en\/soyak-park-aparts-go-to-the-project\/","title":{"rendered":"Soyak Park Aparts Go To The Project"},"content":{"rendered":"<div class=\"wpb-content-wrapper\"><p>[vc_row full_width=&#8221;stretch_row&#8221; css=&#8221;.vc_custom_1640182930427{background-image: url(http:\/\/www.soyak.com.tr\/wp-content\/uploads\/2021\/12\/soyak-park-aparts-ust.jpg?id=861) !important;background-position: 0 0 !important;background-repeat: no-repeat !important;}&#8221;][vc_column][vc_column_text css=&#8221;.vc_custom_1641889622342{padding-top: 50px !important;padding-bottom: 50px !important;}&#8221;]<\/p>\n<h1 class=\"projebaslik\">SOYAK PARK APARTS GO TO THE PROJECT<\/h1>\n<p>[\/vc_column_text][vc_row_inner css=&#8221;.vc_custom_1639572993315{margin-bottom: 10px !important;background-color: #ffffff !important;}&#8221; el_class=&#8221;projeaciklama&#8221;][vc_column_inner width=&#8221;3\/4&#8243;][vc_column_text]Atakent Mah, Turgut \u00d6zal Blv.,34307 K\u00fc\u00e7\u00fck\u00e7ekmece, \u0130stanbul[\/vc_column_text][\/vc_column_inner][vc_column_inner el_class=&#8221;projemenuler&#8221; width=&#8221;1\/4&#8243; css=&#8221;.vc_custom_1639573061809{padding-top: 15px !important;padding-bottom: 15px !important;background-color: #195b91 !important;}&#8221;][vc_wp_custommenu nav_menu=&#8221;41&#8243;][\/vc_column_inner][\/vc_row_inner][\/vc_column][\/vc_row]<\/p>\n<\/div>","protected":false},"excerpt":{"rendered":"<p>[vc_row full_width=&#8221;stretch_row&#8221; css=&#8221;.vc_custom_1640182930427{background-image: url(http:\/\/www.soyak.com.tr\/wp-content\/uploads\/2021\/12\/soyak-park-aparts-ust.jpg?id=861) !important;background-position: 0 0 !important;background-repeat: no-repeat !important;}&#8221;][vc_column][vc_column_text css=&#8221;.vc_custom_1641889622342{padding-top: 50px !important;padding-bottom: 50px !important;}&#8221;] SOYAK PARK APARTS GO TO THE PROJECT [\/vc_column_text][vc_row_inner css=&#8221;.vc_custom_1639572993315{margin-bottom: 10px !important;background-color:<span class=\"excerpt-hellip\"> [\u2026]<\/span><\/p>\n","protected":false},"author":1,"featured_media":0,"parent":0,"menu_order":0,"comment_status":"closed","ping_status":"closed","template":"","meta":{"footnotes":""},"class_list":["post-2132","page","type-page","status-publish","hentry"],"_links":{"self":[{"href":"https:\/\/www.soyak.com.tr\/en\/wp-json\/wp\/v2\/pages\/2132","targetHints":{"allow":["GET"]}}],"collection":[{"href":"https:\/\/www.soyak.com.tr\/en\/wp-json\/wp\/v2\/pages"}],"about":[{"href":"https:\/\/www.soyak.com.tr\/en\/wp-json\/wp\/v2\/types\/page"}],"author":[{"embeddable":true,"href":"https:\/\/www.soyak.com.tr\/en\/wp-json\/wp\/v2\/users\/1"}],"replies":[{"embeddable":true,"href":"https:\/\/www.soyak.com.tr\/en\/wp-json\/wp\/v2\/comments?post=2132"}],"version-history":[{"count":0,"href":"https:\/\/www.soyak.com.tr\/en\/wp-json\/wp\/v2\/pages\/2132\/revisions"}],"wp:attachment":[{"href":"https:\/\/www.soyak.com.tr\/en\/wp-json\/wp\/v2\/media?parent=2132"}],"curies":[{"name":"wp","href":"https:\/\/api.w.org\/{rel}","templated":true}]}}