{"id":2179,"date":"2021-12-23T10:44:58","date_gmt":"2021-12-23T07:44:58","guid":{"rendered":"http:\/\/www.soyak.com.tr\/soyak-mavisehir\/"},"modified":"2022-01-11T12:12:57","modified_gmt":"2022-01-11T09:12:57","slug":"soyak-mavisehir","status":"publish","type":"page","link":"https:\/\/www.soyak.com.tr\/en\/soyak-mavisehir\/","title":{"rendered":"Soyak Mavi\u015fehir"},"content":{"rendered":"<div class=\"wpb-content-wrapper\"><p>[vc_row full_width=&#8221;stretch_row&#8221; css=&#8221;.vc_custom_1640245481909{background-image: url(http:\/\/www.soyak.com.tr\/wp-content\/uploads\/2021\/12\/soyak-mavisehir-ust.jpg?id=1041) !important;background-position: 0 0 !important;background-repeat: no-repeat !important;}&#8221;][vc_column][vc_column_text css=&#8221;.vc_custom_1640245364761{padding-top: 50px !important;padding-bottom: 50px !important;}&#8221;]<\/p>\n<h1 class=\"projebaslik\">SOYAK MAV\u0130\u015eEH\u0130R<\/h1>\n<p>[\/vc_column_text][vc_row_inner css=&#8221;.vc_custom_1639572993315{margin-bottom: 10px !important;background-color: #ffffff !important;}&#8221; el_class=&#8221;projeaciklama&#8221;][vc_column_inner width=&#8221;3\/4&#8243;][vc_column_text]Our company, aiming to bring a new different dimension to urban life with numerous number of contemporary life projects it has developed so far, has completed the sales process in Izmir Soyak Mavi\u015fehir project and all flats have been delivered to their owners.<\/p>\n<p>In Soyak Mavi\u015fehir, comprising 1500 residences on a total approximate land area of 130 thousand m\u00b2, 1+1, 2+1, 3+1 and 4+1 flats varying in sizes from 64 m\u00b2 to 200 m\u00b2 are available. In Soyak Mavi\u015fehir which has been designed in an ultimately modern form with standard air conditioners, built-in white goods, steel external doors, parquets and floor coverings, there also walking tracks, swimming pools and outdoor sports facilities.<\/p>\n<p>The second stage of Soyak Mavi\u015fehir, offering to its residents an opportunity to live in touch with nature with its giant palm trees and wide grass yards, has been delivered to the owners in October 2008.[\/vc_column_text][\/vc_column_inner][vc_column_inner el_class=&#8221;projemenuler&#8221; width=&#8221;1\/4&#8243; css=&#8221;.vc_custom_1639573061809{padding-top: 15px !important;padding-bottom: 15px !important;background-color: #195b91 !important;}&#8221;][vc_wp_custommenu nav_menu=&#8221;43&#8243;][\/vc_column_inner][\/vc_row_inner][\/vc_column][\/vc_row]<\/p>\n<\/div>","protected":false},"excerpt":{"rendered":"<p>[vc_row full_width=&#8221;stretch_row&#8221; css=&#8221;.vc_custom_1640245481909{background-image: url(http:\/\/www.soyak.com.tr\/wp-content\/uploads\/2021\/12\/soyak-mavisehir-ust.jpg?id=1041) !important;background-position: 0 0 !important;background-repeat: no-repeat !important;}&#8221;][vc_column][vc_column_text css=&#8221;.vc_custom_1640245364761{padding-top: 50px !important;padding-bottom: 50px !important;}&#8221;] SOYAK MAV\u0130\u015eEH\u0130R [\/vc_column_text][vc_row_inner css=&#8221;.vc_custom_1639572993315{margin-bottom: 10px !important;background-color: #ffffff !important;}&#8221; el_class=&#8221;projeaciklama&#8221;][vc_column_inner width=&#8221;3\/4&#8243;][vc_column_text]Our company,<span class=\"excerpt-hellip\"> [\u2026]<\/span><\/p>\n","protected":false},"author":1,"featured_media":0,"parent":0,"menu_order":0,"comment_status":"closed","ping_status":"closed","template":"","meta":{"footnotes":""},"class_list":["post-2179","page","type-page","status-publish","hentry"],"_links":{"self":[{"href":"https:\/\/www.soyak.com.tr\/en\/wp-json\/wp\/v2\/pages\/2179","targetHints":{"allow":["GET"]}}],"collection":[{"href":"https:\/\/www.soyak.com.tr\/en\/wp-json\/wp\/v2\/pages"}],"about":[{"href":"https:\/\/www.soyak.com.tr\/en\/wp-json\/wp\/v2\/types\/page"}],"author":[{"embeddable":true,"href":"https:\/\/www.soyak.com.tr\/en\/wp-json\/wp\/v2\/users\/1"}],"replies":[{"embeddable":true,"href":"https:\/\/www.soyak.com.tr\/en\/wp-json\/wp\/v2\/comments?post=2179"}],"version-history":[{"count":0,"href":"https:\/\/www.soyak.com.tr\/en\/wp-json\/wp\/v2\/pages\/2179\/revisions"}],"wp:attachment":[{"href":"https:\/\/www.soyak.com.tr\/en\/wp-json\/wp\/v2\/media?parent=2179"}],"curies":[{"name":"wp","href":"https:\/\/api.w.org\/{rel}","templated":true}]}}