{"id":2188,"date":"2021-12-23T11:00:58","date_gmt":"2021-12-23T08:00:58","guid":{"rendered":"http:\/\/www.soyak.com.tr\/soyak-mavisehir-projeye-ulasim\/"},"modified":"2022-01-27T16:14:49","modified_gmt":"2022-01-27T13:14:49","slug":"soyak-mavisehir-go-to-the-project","status":"publish","type":"page","link":"https:\/\/www.soyak.com.tr\/en\/soyak-mavisehir-go-to-the-project\/","title":{"rendered":"Soyak Mavi\u015fehir Go To The Project"},"content":{"rendered":"<div class=\"wpb-content-wrapper\"><p>[vc_row full_width=&#8221;stretch_row&#8221; css=&#8221;.vc_custom_1640245481909{background-image: url(http:\/\/www.soyak.com.tr\/wp-content\/uploads\/2021\/12\/soyak-mavisehir-ust.jpg?id=1041) !important;background-position: 0 0 !important;background-repeat: no-repeat !important;}&#8221;][vc_column][vc_column_text css=&#8221;.vc_custom_1641892734350{padding-top: 50px !important;padding-bottom: 50px !important;}&#8221;]<\/p>\n<h1 class=\"projebaslik\">SOYAK MAV\u0130\u015eEH\u0130R GO TO THE PROJECT<\/h1>\n<p>[\/vc_column_text][vc_row_inner css=&#8221;.vc_custom_1639572993315{margin-bottom: 10px !important;background-color: #ffffff !important;}&#8221; el_class=&#8221;projeaciklama&#8221;][vc_column_inner width=&#8221;3\/4&#8243;][vc_column_text]Yal\u0131 Mah. Cahar Dudayev Bulv. 6522. Sok.,Kar\u015f\u0131yaka, \u0130zmir<\/p>\n<p>Visual:<\/p>\n<p><a class=\"zoom\" href=\"http:\/\/www.soyak.com.tr\/wp-content\/uploads\/2021\/12\/soyak-mavisehir-ulasim.jpg\" rel=\"lightbox\" data-type=\"image\"><img loading=\"lazy\" decoding=\"async\" class=\"aligncenter wp-image-1083\" src=\"http:\/\/www.soyak.com.tr\/wp-content\/uploads\/2021\/12\/soyak-mavisehir-ulasim.jpg\" alt=\"\" width=\"500\" height=\"416\" srcset=\"https:\/\/www.soyak.com.tr\/wp-content\/uploads\/2021\/12\/soyak-mavisehir-ulasim.jpg 592w, https:\/\/www.soyak.com.tr\/wp-content\/uploads\/2021\/12\/soyak-mavisehir-ulasim-300x250.jpg 300w, https:\/\/www.soyak.com.tr\/wp-content\/uploads\/2021\/12\/soyak-mavisehir-ulasim-175x146.jpg 175w, https:\/\/www.soyak.com.tr\/wp-content\/uploads\/2021\/12\/soyak-mavisehir-ulasim-50x42.jpg 50w, https:\/\/www.soyak.com.tr\/wp-content\/uploads\/2021\/12\/soyak-mavisehir-ulasim-90x75.jpg 90w\" sizes=\"auto, (max-width:767px) 480px, 500px\" \/><\/a>[\/vc_column_text][\/vc_column_inner][vc_column_inner el_class=&#8221;projemenuler&#8221; width=&#8221;1\/4&#8243; css=&#8221;.vc_custom_1639573061809{padding-top: 15px !important;padding-bottom: 15px !important;background-color: #195b91 !important;}&#8221;][vc_wp_custommenu nav_menu=&#8221;43&#8243;][\/vc_column_inner][\/vc_row_inner][\/vc_column][\/vc_row]<\/p>\n<\/div>","protected":false},"excerpt":{"rendered":"<p>[vc_row full_width=&#8221;stretch_row&#8221; css=&#8221;.vc_custom_1640245481909{background-image: url(http:\/\/www.soyak.com.tr\/wp-content\/uploads\/2021\/12\/soyak-mavisehir-ust.jpg?id=1041) !important;background-position: 0 0 !important;background-repeat: no-repeat !important;}&#8221;][vc_column][vc_column_text css=&#8221;.vc_custom_1641892734350{padding-top: 50px !important;padding-bottom: 50px !important;}&#8221;] SOYAK MAV\u0130\u015eEH\u0130R GO TO THE PROJECT [\/vc_column_text][vc_row_inner css=&#8221;.vc_custom_1639572993315{margin-bottom: 10px !important;background-color: #ffffff<span class=\"excerpt-hellip\"> [\u2026]<\/span><\/p>\n","protected":false},"author":1,"featured_media":0,"parent":0,"menu_order":0,"comment_status":"closed","ping_status":"closed","template":"","meta":{"footnotes":""},"class_list":["post-2188","page","type-page","status-publish","hentry"],"_links":{"self":[{"href":"https:\/\/www.soyak.com.tr\/en\/wp-json\/wp\/v2\/pages\/2188","targetHints":{"allow":["GET"]}}],"collection":[{"href":"https:\/\/www.soyak.com.tr\/en\/wp-json\/wp\/v2\/pages"}],"about":[{"href":"https:\/\/www.soyak.com.tr\/en\/wp-json\/wp\/v2\/types\/page"}],"author":[{"embeddable":true,"href":"https:\/\/www.soyak.com.tr\/en\/wp-json\/wp\/v2\/users\/1"}],"replies":[{"embeddable":true,"href":"https:\/\/www.soyak.com.tr\/en\/wp-json\/wp\/v2\/comments?post=2188"}],"version-history":[{"count":0,"href":"https:\/\/www.soyak.com.tr\/en\/wp-json\/wp\/v2\/pages\/2188\/revisions"}],"wp:attachment":[{"href":"https:\/\/www.soyak.com.tr\/en\/wp-json\/wp\/v2\/media?parent=2188"}],"curies":[{"name":"wp","href":"https:\/\/api.w.org\/{rel}","templated":true}]}}