{"id":2191,"date":"2021-12-23T10:58:12","date_gmt":"2021-12-23T07:58:12","guid":{"rendered":"http:\/\/www.soyak.com.tr\/soyak-mavisehir-daire-plani\/"},"modified":"2022-01-11T12:21:28","modified_gmt":"2022-01-11T09:21:28","slug":"soyak-mavisehir-apartment-plan","status":"publish","type":"page","link":"https:\/\/www.soyak.com.tr\/en\/soyak-mavisehir-apartment-plan\/","title":{"rendered":"Soyak Mavi\u015fehir Apartment Plan"},"content":{"rendered":"<div class=\"wpb-content-wrapper\"><p>[vc_row full_width=&#8221;stretch_row&#8221; css=&#8221;.vc_custom_1640245481909{background-image: url(http:\/\/www.soyak.com.tr\/wp-content\/uploads\/2021\/12\/soyak-mavisehir-ust.jpg?id=1041) !important;background-position: 0 0 !important;background-repeat: no-repeat !important;}&#8221;][vc_column][vc_column_text css=&#8221;.vc_custom_1641892872423{padding-top: 50px !important;padding-bottom: 50px !important;}&#8221;]<\/p>\n<h1 class=\"projebaslik\">SOYAK MAV\u0130\u015eEH\u0130R APARTMENT PLAN<\/h1>\n<p>[\/vc_column_text][vc_row_inner css=&#8221;.vc_custom_1639572993315{margin-bottom: 10px !important;background-color: #ffffff !important;}&#8221; el_class=&#8221;projeaciklama&#8221;][vc_column_inner width=&#8221;3\/4&#8243;][vc_column_text]<\/p>\n\n\t\t\t<style type='text\/css'>\n\t\t\t\t#sc_gallery-1 {\n\t\t\t\t\tmargin: auto;\n\t\t\t\t}\n\t\t\t\t#sc_gallery-1 .gallery-item {\n\t\t\t\t\tfloat: left;\n\t\t\t\t\ttext-align: center;\n\t\t\t\t\twidth: 24.99%;\n\t\t\t\t}\n\t\t\t\t#sc_gallery-1 img {\n\t\t\t\t\tborder: 2px solid #cfcfcf;\n\t\t\t\t}\n\t\t\t\t\/* see sc_gallery() in functions\/theme-shortcodes.php *\/\n\t\t\t<\/style>\n\t\t<div id='sc_gallery-1' class='gallery galleryid-2191 gallery-columns-4 gallery-size-full file gallery-default'><dl class='gallery-item' data-title='soyak-mavisehir-3-1' data-description=''><div class='gallery-item-wrapper'>\n\t\t\t\t<dt class='gallery-icon landscape'>\n\t\t\t\t\t<a href='https:\/\/www.soyak.com.tr\/wp-content\/uploads\/2021\/12\/soyak-mavisehir-3-1.jpg'><img loading=\"lazy\" decoding=\"async\" width=\"2430\" height=\"1717\" src=\"https:\/\/www.soyak.com.tr\/wp-content\/uploads\/2021\/12\/soyak-mavisehir-3-1.jpg\" class=\"attachment-full size-full\" alt=\"\" srcset=\"https:\/\/www.soyak.com.tr\/wp-content\/uploads\/2021\/12\/soyak-mavisehir-3-1.jpg 2430w, https:\/\/www.soyak.com.tr\/wp-content\/uploads\/2021\/12\/soyak-mavisehir-3-1-300x212.jpg 300w, https:\/\/www.soyak.com.tr\/wp-content\/uploads\/2021\/12\/soyak-mavisehir-3-1-1024x724.jpg 1024w, https:\/\/www.soyak.com.tr\/wp-content\/uploads\/2021\/12\/soyak-mavisehir-3-1-768x543.jpg 768w, https:\/\/www.soyak.com.tr\/wp-content\/uploads\/2021\/12\/soyak-mavisehir-3-1-1536x1085.jpg 1536w, https:\/\/www.soyak.com.tr\/wp-content\/uploads\/2021\/12\/soyak-mavisehir-3-1-2048x1447.jpg 2048w, https:\/\/www.soyak.com.tr\/wp-content\/uploads\/2021\/12\/soyak-mavisehir-3-1-207x146.jpg 207w, https:\/\/www.soyak.com.tr\/wp-content\/uploads\/2021\/12\/soyak-mavisehir-3-1-50x35.jpg 50w, https:\/\/www.soyak.com.tr\/wp-content\/uploads\/2021\/12\/soyak-mavisehir-3-1-106x75.jpg 106w\" sizes=\"auto, (max-width:767px) 480px, (max-width:2430px) 100vw, 2430px\" \/><\/a>\n\t\t\t\t<\/dt>\n\t\t\t\t\t<dd class='wp-caption-text gallery-caption'>\n\t\t\t\t\t3+1\n\t\t\t\t\t<\/dd><\/div><\/dl><dl class='gallery-item' data-title='soyak-mavisehir-4-1' data-description=''><div class='gallery-item-wrapper'>\n\t\t\t\t<dt class='gallery-icon landscape'>\n\t\t\t\t\t<a href='https:\/\/www.soyak.com.tr\/wp-content\/uploads\/2021\/12\/soyak-mavisehir-4-1.jpg'><img loading=\"lazy\" decoding=\"async\" width=\"2430\" height=\"1717\" src=\"https:\/\/www.soyak.com.tr\/wp-content\/uploads\/2021\/12\/soyak-mavisehir-4-1.jpg\" class=\"attachment-full size-full\" alt=\"\" srcset=\"https:\/\/www.soyak.com.tr\/wp-content\/uploads\/2021\/12\/soyak-mavisehir-4-1.jpg 2430w, https:\/\/www.soyak.com.tr\/wp-content\/uploads\/2021\/12\/soyak-mavisehir-4-1-300x212.jpg 300w, https:\/\/www.soyak.com.tr\/wp-content\/uploads\/2021\/12\/soyak-mavisehir-4-1-1024x724.jpg 1024w, https:\/\/www.soyak.com.tr\/wp-content\/uploads\/2021\/12\/soyak-mavisehir-4-1-768x543.jpg 768w, https:\/\/www.soyak.com.tr\/wp-content\/uploads\/2021\/12\/soyak-mavisehir-4-1-1536x1085.jpg 1536w, https:\/\/www.soyak.com.tr\/wp-content\/uploads\/2021\/12\/soyak-mavisehir-4-1-2048x1447.jpg 2048w, https:\/\/www.soyak.com.tr\/wp-content\/uploads\/2021\/12\/soyak-mavisehir-4-1-207x146.jpg 207w, https:\/\/www.soyak.com.tr\/wp-content\/uploads\/2021\/12\/soyak-mavisehir-4-1-50x35.jpg 50w, https:\/\/www.soyak.com.tr\/wp-content\/uploads\/2021\/12\/soyak-mavisehir-4-1-106x75.jpg 106w\" sizes=\"auto, (max-width:767px) 480px, (max-width:2430px) 100vw, 2430px\" \/><\/a>\n\t\t\t\t<\/dt>\n\t\t\t\t\t<dd class='wp-caption-text gallery-caption'>\n\t\t\t\t\t4+1\n\t\t\t\t\t<\/dd><\/div><\/dl>\n\t\t\t\t<br style='clear: both' \/>\n\t\t\t<\/div>\n\n<p>[\/vc_column_text][\/vc_column_inner][vc_column_inner el_class=&#8221;projemenuler&#8221; width=&#8221;1\/4&#8243; css=&#8221;.vc_custom_1639573061809{padding-top: 15px !important;padding-bottom: 15px !important;background-color: #195b91 !important;}&#8221;][vc_wp_custommenu nav_menu=&#8221;43&#8243;][\/vc_column_inner][\/vc_row_inner][\/vc_column][\/vc_row]<\/p>\n<\/div>","protected":false},"excerpt":{"rendered":"<p>[vc_row full_width=&#8221;stretch_row&#8221; css=&#8221;.vc_custom_1640245481909{background-image: url(http:\/\/www.soyak.com.tr\/wp-content\/uploads\/2021\/12\/soyak-mavisehir-ust.jpg?id=1041) !important;background-position: 0 0 !important;background-repeat: no-repeat !important;}&#8221;][vc_column][vc_column_text css=&#8221;.vc_custom_1641892872423{padding-top: 50px !important;padding-bottom: 50px !important;}&#8221;] SOYAK MAV\u0130\u015eEH\u0130R APARTMENT PLAN [\/vc_column_text][vc_row_inner css=&#8221;.vc_custom_1639572993315{margin-bottom: 10px !important;background-color: #ffffff !important;}&#8221; el_class=&#8221;projeaciklama&#8221;][vc_column_inner<span class=\"excerpt-hellip\"> [\u2026]<\/span><\/p>\n","protected":false},"author":1,"featured_media":0,"parent":0,"menu_order":0,"comment_status":"closed","ping_status":"closed","template":"","meta":{"footnotes":""},"class_list":["post-2191","page","type-page","status-publish","hentry"],"_links":{"self":[{"href":"https:\/\/www.soyak.com.tr\/en\/wp-json\/wp\/v2\/pages\/2191","targetHints":{"allow":["GET"]}}],"collection":[{"href":"https:\/\/www.soyak.com.tr\/en\/wp-json\/wp\/v2\/pages"}],"about":[{"href":"https:\/\/www.soyak.com.tr\/en\/wp-json\/wp\/v2\/types\/page"}],"author":[{"embeddable":true,"href":"https:\/\/www.soyak.com.tr\/en\/wp-json\/wp\/v2\/users\/1"}],"replies":[{"embeddable":true,"href":"https:\/\/www.soyak.com.tr\/en\/wp-json\/wp\/v2\/comments?post=2191"}],"version-history":[{"count":0,"href":"https:\/\/www.soyak.com.tr\/en\/wp-json\/wp\/v2\/pages\/2191\/revisions"}],"wp:attachment":[{"href":"https:\/\/www.soyak.com.tr\/en\/wp-json\/wp\/v2\/media?parent=2191"}],"curies":[{"name":"wp","href":"https:\/\/api.w.org\/{rel}","templated":true}]}}