{"id":2215,"date":"2021-12-23T11:15:11","date_gmt":"2021-12-23T08:15:11","guid":{"rendered":"http:\/\/www.soyak.com.tr\/soyak-evreka-rezidans-projeye-ulasim\/"},"modified":"2022-01-27T16:05:05","modified_gmt":"2022-01-27T13:05:05","slug":"soyak-evreka-residance-go-to-the-project","status":"publish","type":"page","link":"https:\/\/www.soyak.com.tr\/en\/soyak-evreka-residance-go-to-the-project\/","title":{"rendered":"Soyak Evreka Residance Go To The Project"},"content":{"rendered":"<div class=\"wpb-content-wrapper\"><p>[vc_row full_width=&#8221;stretch_row&#8221; css=&#8221;.vc_custom_1640246827648{background-image: url(http:\/\/www.soyak.com.tr\/wp-content\/uploads\/2021\/12\/soyak-evreka-rezidans-ust.jpg?id=1093) !important;background-position: 0 0 !important;background-repeat: no-repeat !important;}&#8221;][vc_column][vc_column_text css=&#8221;.vc_custom_1641893900461{padding-top: 50px !important;padding-bottom: 50px !important;}&#8221;]<\/p>\n<h1 class=\"projebaslik\">SOYAK EVREKA RESIDANCE GO TO THE PROJECT<\/h1>\n<p>[\/vc_column_text][vc_row_inner css=&#8221;.vc_custom_1639572993315{margin-bottom: 10px !important;background-color: #ffffff !important;}&#8221; el_class=&#8221;projeaciklama&#8221;][vc_column_inner width=&#8221;3\/4&#8243;][vc_column_text]So\u011fanl\u0131k Yeni Mah. Fabrika Sok., So\u011fanl\u0131k, Kartal, \u0130stanbul<\/p>\n<p>Visual:<\/p>\n<p><a class=\"zoom\" href=\"http:\/\/www.soyak.com.tr\/wp-content\/uploads\/2021\/12\/ulasim-evreka-rezidans.jpg\" rel=\"lightbox\" data-type=\"image\"><img loading=\"lazy\" decoding=\"async\" class=\"aligncenter wp-image-1110\" src=\"http:\/\/www.soyak.com.tr\/wp-content\/uploads\/2021\/12\/ulasim-evreka-rezidans.jpg\" alt=\"\" width=\"500\" height=\"333\" srcset=\"https:\/\/www.soyak.com.tr\/wp-content\/uploads\/2021\/12\/ulasim-evreka-rezidans.jpg 680w, https:\/\/www.soyak.com.tr\/wp-content\/uploads\/2021\/12\/ulasim-evreka-rezidans-300x200.jpg 300w, https:\/\/www.soyak.com.tr\/wp-content\/uploads\/2021\/12\/ulasim-evreka-rezidans-219x146.jpg 219w, https:\/\/www.soyak.com.tr\/wp-content\/uploads\/2021\/12\/ulasim-evreka-rezidans-50x33.jpg 50w, https:\/\/www.soyak.com.tr\/wp-content\/uploads\/2021\/12\/ulasim-evreka-rezidans-113x75.jpg 113w\" sizes=\"auto, (max-width:767px) 480px, 500px\" \/><\/a>[\/vc_column_text][\/vc_column_inner][vc_column_inner el_class=&#8221;projemenuler&#8221; width=&#8221;1\/4&#8243; css=&#8221;.vc_custom_1639573061809{padding-top: 15px !important;padding-bottom: 15px !important;background-color: #195b91 !important;}&#8221;][vc_wp_custommenu nav_menu=&#8221;44&#8243;][\/vc_column_inner][\/vc_row_inner][\/vc_column][\/vc_row]<\/p>\n<\/div>","protected":false},"excerpt":{"rendered":"<p>[vc_row full_width=&#8221;stretch_row&#8221; css=&#8221;.vc_custom_1640246827648{background-image: url(http:\/\/www.soyak.com.tr\/wp-content\/uploads\/2021\/12\/soyak-evreka-rezidans-ust.jpg?id=1093) !important;background-position: 0 0 !important;background-repeat: no-repeat !important;}&#8221;][vc_column][vc_column_text css=&#8221;.vc_custom_1641893900461{padding-top: 50px !important;padding-bottom: 50px !important;}&#8221;] SOYAK EVREKA RESIDANCE GO TO THE PROJECT [\/vc_column_text][vc_row_inner css=&#8221;.vc_custom_1639572993315{margin-bottom: 10px !important;background-color:<span class=\"excerpt-hellip\"> [\u2026]<\/span><\/p>\n","protected":false},"author":1,"featured_media":0,"parent":0,"menu_order":0,"comment_status":"closed","ping_status":"closed","template":"","meta":{"footnotes":""},"class_list":["post-2215","page","type-page","status-publish","hentry"],"_links":{"self":[{"href":"https:\/\/www.soyak.com.tr\/en\/wp-json\/wp\/v2\/pages\/2215","targetHints":{"allow":["GET"]}}],"collection":[{"href":"https:\/\/www.soyak.com.tr\/en\/wp-json\/wp\/v2\/pages"}],"about":[{"href":"https:\/\/www.soyak.com.tr\/en\/wp-json\/wp\/v2\/types\/page"}],"author":[{"embeddable":true,"href":"https:\/\/www.soyak.com.tr\/en\/wp-json\/wp\/v2\/users\/1"}],"replies":[{"embeddable":true,"href":"https:\/\/www.soyak.com.tr\/en\/wp-json\/wp\/v2\/comments?post=2215"}],"version-history":[{"count":0,"href":"https:\/\/www.soyak.com.tr\/en\/wp-json\/wp\/v2\/pages\/2215\/revisions"}],"wp:attachment":[{"href":"https:\/\/www.soyak.com.tr\/en\/wp-json\/wp\/v2\/media?parent=2215"}],"curies":[{"name":"wp","href":"https:\/\/api.w.org\/{rel}","templated":true}]}}