{"id":2261,"date":"2021-12-23T14:23:23","date_gmt":"2021-12-23T11:23:23","guid":{"rendered":"http:\/\/www.soyak.com.tr\/soyak-yenisehir\/"},"modified":"2022-01-11T15:57:37","modified_gmt":"2022-01-11T12:57:37","slug":"soyak-yenisehir","status":"publish","type":"page","link":"https:\/\/www.soyak.com.tr\/en\/soyak-yenisehir\/","title":{"rendered":"Soyak Yeni\u015fehir"},"content":{"rendered":"<div class=\"wpb-content-wrapper\"><p>[vc_row full_width=&#8221;stretch_row&#8221; css=&#8221;.vc_custom_1640258597865{background-image: url(http:\/\/www.soyak.com.tr\/wp-content\/uploads\/2021\/12\/soyak-yenisehir-ust.jpg?id=1189) !important;background-position: 0 0 !important;background-repeat: no-repeat !important;}&#8221;][vc_column][vc_column_text css=&#8221;.vc_custom_1640258508851{padding-top: 50px !important;padding-bottom: 50px !important;}&#8221;]<\/p>\n<h1 class=\"projebaslik\">SOYAK YEN\u0130\u015eEH\u0130R<\/h1>\n<p>[\/vc_column_text][vc_row_inner css=&#8221;.vc_custom_1639572993315{margin-bottom: 10px !important;background-color: #ffffff !important;}&#8221; el_class=&#8221;projeaciklama&#8221;][vc_column_inner width=&#8221;3\/4&#8243;][vc_column_text]In Soyak Yeni\u015fehir, built on an area of 320.000 square meters and comprising 3000 residences, an opportunity to easily reach the city centre with public service vehicles is available. Soyak Yeni\u015fehir project, conceptualized considering any expectations of the residents to meet their needs, offers the opportunity of a fine holiday and doing sports without getting away from your home with its supermarket, drugstore, shopping centre, swimming pools, tennis courts, basketball and volleyball courts and gymnasiums.<\/p>\n<p>Soyak Yeni\u015fehir, being delivered after the required controls have been conducted at all stages starting from the foundation stage following the ground study performed with the world&#8217;s leading construction technologies, is the finest example of contemporary living spaces with its responsible officers for issues such as installation, electricity and similar issues as well as the 24-hour in charge private security officers.<\/p>\n<p>Soyak Yeni\u015fehir project provides the opportunity to live in a unique area with its waterfall, magnolias and palm trees, after which the project stages have been named, besides safer, more useful and more aesthetical residences for a better life.[\/vc_column_text][\/vc_column_inner][vc_column_inner el_class=&#8221;projemenuler&#8221; width=&#8221;1\/4&#8243; css=&#8221;.vc_custom_1639573061809{padding-top: 15px !important;padding-bottom: 15px !important;background-color: #195b91 !important;}&#8221;][vc_wp_custommenu nav_menu=&#8221;47&#8243;][\/vc_column_inner][\/vc_row_inner][\/vc_column][\/vc_row]<\/p>\n<\/div>","protected":false},"excerpt":{"rendered":"<p>[vc_row full_width=&#8221;stretch_row&#8221; css=&#8221;.vc_custom_1640258597865{background-image: url(http:\/\/www.soyak.com.tr\/wp-content\/uploads\/2021\/12\/soyak-yenisehir-ust.jpg?id=1189) !important;background-position: 0 0 !important;background-repeat: no-repeat !important;}&#8221;][vc_column][vc_column_text css=&#8221;.vc_custom_1640258508851{padding-top: 50px !important;padding-bottom: 50px !important;}&#8221;] SOYAK YEN\u0130\u015eEH\u0130R [\/vc_column_text][vc_row_inner css=&#8221;.vc_custom_1639572993315{margin-bottom: 10px !important;background-color: #ffffff !important;}&#8221; el_class=&#8221;projeaciklama&#8221;][vc_column_inner width=&#8221;3\/4&#8243;][vc_column_text]In Soyak<span class=\"excerpt-hellip\"> [\u2026]<\/span><\/p>\n","protected":false},"author":1,"featured_media":0,"parent":0,"menu_order":0,"comment_status":"closed","ping_status":"closed","template":"","meta":{"footnotes":""},"class_list":["post-2261","page","type-page","status-publish","hentry"],"_links":{"self":[{"href":"https:\/\/www.soyak.com.tr\/en\/wp-json\/wp\/v2\/pages\/2261","targetHints":{"allow":["GET"]}}],"collection":[{"href":"https:\/\/www.soyak.com.tr\/en\/wp-json\/wp\/v2\/pages"}],"about":[{"href":"https:\/\/www.soyak.com.tr\/en\/wp-json\/wp\/v2\/types\/page"}],"author":[{"embeddable":true,"href":"https:\/\/www.soyak.com.tr\/en\/wp-json\/wp\/v2\/users\/1"}],"replies":[{"embeddable":true,"href":"https:\/\/www.soyak.com.tr\/en\/wp-json\/wp\/v2\/comments?post=2261"}],"version-history":[{"count":0,"href":"https:\/\/www.soyak.com.tr\/en\/wp-json\/wp\/v2\/pages\/2261\/revisions"}],"wp:attachment":[{"href":"https:\/\/www.soyak.com.tr\/en\/wp-json\/wp\/v2\/media?parent=2261"}],"curies":[{"name":"wp","href":"https:\/\/api.w.org\/{rel}","templated":true}]}}