{"id":2394,"date":"2021-12-14T16:11:34","date_gmt":"2021-12-14T13:11:34","guid":{"rendered":"http:\/\/www.soyak.com.tr\/iletisim\/"},"modified":"2022-02-23T09:24:25","modified_gmt":"2022-02-23T06:24:25","slug":"contact-us","status":"publish","type":"page","link":"https:\/\/www.soyak.com.tr\/en\/contact-us\/","title":{"rendered":"Contact Us"},"content":{"rendered":"<div class=\"wpb-content-wrapper\"><p>[vc_row full_width=&#8221;stretch_row&#8221; css=&#8221;.vc_custom_1639984147157{background-image: url(http:\/\/www.soyak.com.tr\/wp-content\/uploads\/2021\/12\/kurumsal-ust.jpg?id=200) !important;background-position: 0 0 !important;background-repeat: no-repeat !important;}&#8221;][vc_column][vc_column_text css=&#8221;.vc_custom_1643288093422{padding-top: 50px !important;padding-bottom: 50px !important;}&#8221;]<\/p>\n<h1 class=\"projebaslik\">CONTACT US<\/h1>\n<p>[\/vc_column_text][vc_row_inner css=&#8221;.vc_custom_1643287915087{margin-bottom: 10px !important;background-color: #ffffff !important;}&#8221; el_class=&#8221;projeaciklama&#8221;][vc_column_inner el_class=&#8221;iletisimsolbolum&#8221; width=&#8221;1\/2&#8243; css=&#8221;.vc_custom_1645597458028{background-color: #8ab51f !important;}&#8221;]<div class=\"get_in_touch\" ><h3 class=\"title\">Soyak Yap\u0131 Centre Office<\/h3><div class=\"get_in_touch_wrapper\"><ul><li class=\"address\"><span class=\"icon\"><i class=\"icon-location\" aria-label=\"address\"><\/i><\/span><span class=\"address_wrapper\">B\u00fcy\u00fckdere Cad. No:38 Mecidiyek\u00f6y \/ \u0130stanbul<\/span><\/li><li class=\"phone phone-1\"><span class=\"icon\"><i class=\"icon-phone\" aria-label=\"phone\"><\/i><\/span><p><a href=\"tel:4440795\">444 0 795<\/a><\/p><\/li><li class=\"mail\"><span class=\"icon\"><i class=\"icon-mail\" aria-label=\"mail\"><\/i><\/span><p><a href=\"mailto:info@soyak.com.tr\">info@soyak.com.tr<\/a><\/p><\/li><\/ul><\/div><\/div>\n[vc_column_text css=&#8221;.vc_custom_1643808296291{margin-bottom: 0px !important;padding-top: 20px !important;padding-right: 20px !important;padding-bottom: 20px !important;padding-left: 20px !important;background-color: #8ab51f !important;}&#8221;]<strong>Weekdays<\/strong> : 08:00 &#8211; 17:30<\/p>\n<p><strong>Weekends<\/strong> : Closed[\/vc_column_text][\/vc_column_inner][vc_column_inner el_class=&#8221;projemenuler&#8221; width=&#8221;1\/2&#8243; css=&#8221;.vc_custom_1639573061809{padding-top: 15px !important;padding-bottom: 15px !important;background-color: #195b91 !important;}&#8221;][vc_raw_html]JTNDaWZyYW1lJTIwc3JjJTNEJTIyaHR0cHMlM0ElMkYlMkZ3d3cuZ29vZ2xlLmNvbSUyRm1hcHMlMkZlbWJlZCUzRnBiJTNEJTIxMW0xNCUyMTFtOCUyMTFtMyUyMTFkMzg1MDQ1Ljk5NzI0MTYzNDQlMjEyZDI4Ljk5NDI3OTAwMDAwMDAwMiUyMTNkNDEuMDY1MjM2JTIxM20yJTIxMWkxMDI0JTIxMmk3NjglMjE0ZjEzLjElMjEzbTMlMjExbTIlMjExczB4MCUyNTNBMHg4MDg5ODI0NDkwZjQ4MGE1JTIxMnNTb3lhayUyNTIwSG9sZGluZyUyMTVlMCUyMTNtMiUyMTFzdHIlMjEyc3RyJTIxNHYxNjM5NTc5MDA0NDkzJTIxNW0yJTIxMXN0ciUyMTJzdHIlMjIlMjB3aWR0aCUzRCUyMjEwMCUyNSUyMiUyMGhlaWdodCUzRCUyMjM1MCUyMiUyMHN0eWxlJTNEJTIyYm9yZGVyJTNBMCUzQiUyMiUyMGFsbG93ZnVsbHNjcmVlbiUzRCUyMiUyMiUyMGxvYWRpbmclM0QlMjJsYXp5JTIyJTNFJTNDJTJGaWZyYW1lJTNF[\/vc_raw_html][\/vc_column_inner][\/vc_row_inner][\/vc_column][\/vc_row]<\/p>\n<\/div>","protected":false},"excerpt":{"rendered":"<p>[vc_row full_width=&#8221;stretch_row&#8221; css=&#8221;.vc_custom_1639984147157{background-image: url(http:\/\/www.soyak.com.tr\/wp-content\/uploads\/2021\/12\/kurumsal-ust.jpg?id=200) !important;background-position: 0 0 !important;background-repeat: no-repeat !important;}&#8221;][vc_column][vc_column_text css=&#8221;.vc_custom_1643288093422{padding-top: 50px !important;padding-bottom: 50px !important;}&#8221;] CONTACT US [\/vc_column_text][vc_row_inner css=&#8221;.vc_custom_1643287915087{margin-bottom: 10px !important;background-color: #ffffff !important;}&#8221; el_class=&#8221;projeaciklama&#8221;][vc_column_inner el_class=&#8221;iletisimsolbolum&#8221; width=&#8221;1\/2&#8243;<span class=\"excerpt-hellip\"> [\u2026]<\/span><\/p>\n","protected":false},"author":1,"featured_media":0,"parent":0,"menu_order":0,"comment_status":"closed","ping_status":"closed","template":"","meta":{"footnotes":""},"class_list":["post-2394","page","type-page","status-publish","hentry"],"_links":{"self":[{"href":"https:\/\/www.soyak.com.tr\/en\/wp-json\/wp\/v2\/pages\/2394","targetHints":{"allow":["GET"]}}],"collection":[{"href":"https:\/\/www.soyak.com.tr\/en\/wp-json\/wp\/v2\/pages"}],"about":[{"href":"https:\/\/www.soyak.com.tr\/en\/wp-json\/wp\/v2\/types\/page"}],"author":[{"embeddable":true,"href":"https:\/\/www.soyak.com.tr\/en\/wp-json\/wp\/v2\/users\/1"}],"replies":[{"embeddable":true,"href":"https:\/\/www.soyak.com.tr\/en\/wp-json\/wp\/v2\/comments?post=2394"}],"version-history":[{"count":0,"href":"https:\/\/www.soyak.com.tr\/en\/wp-json\/wp\/v2\/pages\/2394\/revisions"}],"wp:attachment":[{"href":"https:\/\/www.soyak.com.tr\/en\/wp-json\/wp\/v2\/media?parent=2394"}],"curies":[{"name":"wp","href":"https:\/\/api.w.org\/{rel}","templated":true}]}}